{"id":315,"date":"2025-02-07T10:34:53","date_gmt":"2025-02-07T10:34:53","guid":{"rendered":"https:\/\/zilbermane.r-s.space\/my-account\/"},"modified":"2025-07-01T10:00:34","modified_gmt":"2025-07-01T10:00:34","slug":"my-account","status":"publish","type":"page","link":"https:\/\/zilbermane.r-s.space\/lv\/my-account\/","title":{"rendered":"My Account"},"content":{"rendered":"\t\t<div data-elementor-type=\"wp-page\" data-elementor-id=\"315\" class=\"elementor elementor-315 elementor-85\" data-elementor-post-type=\"page\">\n\t\t\t\t<div class=\"elementor-element elementor-element-6f004028 e-flex e-con-boxed e-con e-parent\" data-id=\"6f004028\" data-element_type=\"container\">\n\t\t\t\t\t<div class=\"e-con-inner\">\n\t\t\t\t<div class=\"elementor-element elementor-element-595a5750 elementor-widget elementor-widget-heading\" data-id=\"595a5750\" data-element_type=\"widget\" data-widget_type=\"heading.default\">\n\t\t\t\t<div class=\"elementor-widget-container\">\n\t\t\t\t\t<h2 class=\"elementor-heading-title elementor-size-default\">Mans konts<\/h2>\t\t\t\t<\/div>\n\t\t\t\t<\/div>\n\t\t<div class=\"elementor-element elementor-element-429adf1a e-con-full e-flex e-con e-child\" data-id=\"429adf1a\" data-element_type=\"container\">\n\t\t\t\t<div class=\"elementor-element elementor-element-349d969c e-my-account-tabs-vertical elementor-widget elementor-widget-woocommerce-my-account\" data-id=\"349d969c\" data-element_type=\"widget\" data-widget_type=\"woocommerce-my-account.default\">\n\t\t\t\t<div class=\"elementor-widget-container\">\n\t\t\t\t\t<div class=\"e-my-account-tab e-my-account-tab__ \">\t\t\t<div class=\"woocommerce\"><\/div>\t\t<\/div>\n\t\t\t\t\t\t<\/div>\n\t\t\t\t<\/div>\n\t\t\t\t<\/div>\n\t\t\t\t\t<\/div>\n\t\t\t\t<\/div>\n\t\t\t\t<\/div>\n\t\t","protected":false},"excerpt":{"rendered":"<p>Mans konts Instrumentu Panelis Pas\u016bt\u012bjumi V\u0113lmju Saraksts Adreses Konta Inform\u0101cija Iziet Hello vitalii (not vitalii? Log out) From your account dashboard you can view your recent orders, manage your shipping and billing addresses, and edit your password and account details.<\/p>\n","protected":false},"author":2,"featured_media":0,"parent":0,"menu_order":0,"comment_status":"closed","ping_status":"closed","template":"","meta":{"footnotes":""},"class_list":["post-315","page","type-page","status-publish","hentry"],"_links":{"self":[{"href":"https:\/\/zilbermane.r-s.space\/lv\/wp-json\/wp\/v2\/pages\/315","targetHints":{"allow":["GET"]}}],"collection":[{"href":"https:\/\/zilbermane.r-s.space\/lv\/wp-json\/wp\/v2\/pages"}],"about":[{"href":"https:\/\/zilbermane.r-s.space\/lv\/wp-json\/wp\/v2\/types\/page"}],"author":[{"embeddable":true,"href":"https:\/\/zilbermane.r-s.space\/lv\/wp-json\/wp\/v2\/users\/2"}],"replies":[{"embeddable":true,"href":"https:\/\/zilbermane.r-s.space\/lv\/wp-json\/wp\/v2\/comments?post=315"}],"version-history":[{"count":9,"href":"https:\/\/zilbermane.r-s.space\/lv\/wp-json\/wp\/v2\/pages\/315\/revisions"}],"predecessor-version":[{"id":829,"href":"https:\/\/zilbermane.r-s.space\/lv\/wp-json\/wp\/v2\/pages\/315\/revisions\/829"}],"wp:attachment":[{"href":"https:\/\/zilbermane.r-s.space\/lv\/wp-json\/wp\/v2\/media?parent=315"}],"curies":[{"name":"wp","href":"https:\/\/api.w.org\/{rel}","templated":true}]}}