{"id":689,"date":"2025-02-07T10:34:51","date_gmt":"2025-02-07T10:34:51","guid":{"rendered":"https:\/\/zilbermane.r-s.space\/kontakti\/"},"modified":"2025-07-08T08:19:27","modified_gmt":"2025-07-08T08:19:27","slug":"kontakti","status":"publish","type":"page","link":"https:\/\/zilbermane.r-s.space\/lv\/kontakti\/","title":{"rendered":"Kontakti"},"content":{"rendered":"\t\t<div data-elementor-type=\"wp-page\" data-elementor-id=\"689\" class=\"elementor elementor-689 elementor-61\" data-elementor-post-type=\"page\">\n\t\t\t\t<div class=\"elementor-element elementor-element-baa18a2 e-flex e-con-boxed e-con e-parent\" data-id=\"baa18a2\" data-element_type=\"container\">\n\t\t\t\t\t<div class=\"e-con-inner\">\n\t\t\t\t<div class=\"elementor-element elementor-element-3c3df93d elementor-widget elementor-widget-heading\" data-id=\"3c3df93d\" data-element_type=\"widget\" data-widget_type=\"heading.default\">\n\t\t\t\t<div class=\"elementor-widget-container\">\n\t\t\t\t\t<h2 class=\"elementor-heading-title elementor-size-default\">Kontakti<\/h2>\t\t\t\t<\/div>\n\t\t\t\t<\/div>\n\t\t<div class=\"elementor-element elementor-element-3b9f6fb5 e-con-full e-flex e-con e-child\" data-id=\"3b9f6fb5\" data-element_type=\"container\">\n\t\t<div class=\"elementor-element elementor-element-7623e0cf e-con-full e-flex e-con e-child\" data-id=\"7623e0cf\" data-element_type=\"container\">\n\t\t\t\t<div class=\"elementor-element elementor-element-3ccd94f0 elementor-widget elementor-widget-image\" data-id=\"3ccd94f0\" data-element_type=\"widget\" data-widget_type=\"image.default\">\n\t\t\t\t<div class=\"elementor-widget-container\">\n\t\t\t\t\t\t\t\t\t\t\t\t\t\t\t<img fetchpriority=\"high\" decoding=\"async\" width=\"645\" height=\"488\" src=\"https:\/\/zilbermane.r-s.space\/wp-content\/uploads\/2025\/02\/image-3.jpg\" class=\"attachment-full size-full wp-image-336\" alt=\"\" srcset=\"https:\/\/zilbermane.r-s.space\/wp-content\/uploads\/2025\/02\/image-3.jpg 645w, https:\/\/zilbermane.r-s.space\/wp-content\/uploads\/2025\/02\/image-3-600x454.jpg 600w, https:\/\/zilbermane.r-s.space\/wp-content\/uploads\/2025\/02\/image-3-300x227.jpg 300w\" sizes=\"(max-width: 645px) 100vw, 645px\" \/>\t\t\t\t\t\t\t\t\t\t\t\t\t\t\t<\/div>\n\t\t\t\t<\/div>\n\t\t\t\t<\/div>\n\t\t<div class=\"elementor-element elementor-element-3a0550ad e-con-full e-flex e-con e-child\" data-id=\"3a0550ad\" data-element_type=\"container\">\n\t\t\t\t<div class=\"elementor-element elementor-element-278d2494 elementor-widget elementor-widget-heading\" data-id=\"278d2494\" data-element_type=\"widget\" data-widget_type=\"heading.default\">\n\t\t\t\t<div class=\"elementor-widget-container\">\n\t\t\t\t\t<h3 class=\"elementor-heading-title elementor-size-default\">Sievie\u0161u ar rok\u0101m darin\u0101ti ap\u0123\u0113rbi<br>- Ra\u017eots Latvij\u0101<\/h3>\t\t\t\t<\/div>\n\t\t\t\t<\/div>\n\t\t\t\t<div class=\"elementor-element elementor-element-6d4cd211 cont elementor-widget elementor-widget-text-editor\" data-id=\"6d4cd211\" data-element_type=\"widget\" data-widget_type=\"text-editor.default\">\n\t\t\t\t<div class=\"elementor-widget-container\">\n\t\t\t\t\t\t\t\t\t<p><strong>ZILBERMANE SIA<\/strong><\/p><p>Re\u0123. Nr. <strong>40203530220 <\/strong> <\/p><p>Studijas adrese: <strong>Elizabetes iela 45\/47, R\u012bga, Latvija<\/strong><\/p><p>Juridisk\u0101 adrese: <strong>Biks\u0113res iela 2, R\u012bga, Latvija<\/strong><\/p><p>E-pasts: <strong>Zilbermane@email.com<\/strong><\/p><p>T\u0101lrunis: <strong>+37128008060<\/strong><\/p>\t\t\t\t\t\t\t\t<\/div>\n\t\t\t\t<\/div>\n\t\t\t\t<\/div>\n\t\t\t\t<\/div>\n\t\t\t\t\t<\/div>\n\t\t\t\t<\/div>\n\t\t<div class=\"elementor-element elementor-element-41789e63 e-con-full e-flex e-con e-parent\" data-id=\"41789e63\" data-element_type=\"container\">\n\t\t\t\t<div class=\"elementor-element elementor-element-396b3be7 elementor-widget elementor-widget-google_maps\" data-id=\"396b3be7\" data-element_type=\"widget\" data-widget_type=\"google_maps.default\">\n\t\t\t\t<div class=\"elementor-widget-container\">\n\t\t\t\t\t\t\t<div class=\"elementor-custom-embed\">\n\t\t\t<iframe loading=\"lazy\"\n\t\t\t\t\tsrc=\"https:\/\/maps.google.com\/maps?q=Elizabetes%20iela%2045%2F47%2C%20Riga%2C%20Latvia&#038;t=m&#038;z=15&#038;output=embed&#038;iwloc=near\"\n\t\t\t\t\ttitle=\"Elizabetes iela 45\/47, Riga, Latvia\"\n\t\t\t\t\taria-label=\"Elizabetes iela 45\/47, Riga, Latvia\"\n\t\t\t><\/iframe>\n\t\t<\/div>\n\t\t\t\t\t\t<\/div>\n\t\t\t\t<\/div>\n\t\t\t\t<\/div>\n\t\t\t\t<\/div>\n\t\t","protected":false},"excerpt":{"rendered":"<p>Kontakti Sievie\u0161u ar rok\u0101m darin\u0101ti ap\u0123\u0113rbi&#8211; Ra\u017eots Latvij\u0101 ZILBERMANE SIA Re\u0123. Nr. 40203530220 Studijas adrese: Elizabetes iela 45\/47, R\u012bga, Latvija Juridisk\u0101 adrese: Biks\u0113res iela 2, R\u012bga, Latvija E-pasts: Zilbermane@email.com T\u0101lrunis: +37128008060<\/p>\n","protected":false},"author":2,"featured_media":0,"parent":0,"menu_order":0,"comment_status":"closed","ping_status":"closed","template":"","meta":{"footnotes":""},"class_list":["post-689","page","type-page","status-publish","hentry"],"_links":{"self":[{"href":"https:\/\/zilbermane.r-s.space\/lv\/wp-json\/wp\/v2\/pages\/689","targetHints":{"allow":["GET"]}}],"collection":[{"href":"https:\/\/zilbermane.r-s.space\/lv\/wp-json\/wp\/v2\/pages"}],"about":[{"href":"https:\/\/zilbermane.r-s.space\/lv\/wp-json\/wp\/v2\/types\/page"}],"author":[{"embeddable":true,"href":"https:\/\/zilbermane.r-s.space\/lv\/wp-json\/wp\/v2\/users\/2"}],"replies":[{"embeddable":true,"href":"https:\/\/zilbermane.r-s.space\/lv\/wp-json\/wp\/v2\/comments?post=689"}],"version-history":[{"count":5,"href":"https:\/\/zilbermane.r-s.space\/lv\/wp-json\/wp\/v2\/pages\/689\/revisions"}],"predecessor-version":[{"id":1056,"href":"https:\/\/zilbermane.r-s.space\/lv\/wp-json\/wp\/v2\/pages\/689\/revisions\/1056"}],"wp:attachment":[{"href":"https:\/\/zilbermane.r-s.space\/lv\/wp-json\/wp\/v2\/media?parent=689"}],"curies":[{"name":"wp","href":"https:\/\/api.w.org\/{rel}","templated":true}]}}