{"id":691,"date":"2025-05-29T16:08:03","date_gmt":"2025-05-29T16:08:03","guid":{"rendered":"https:\/\/zilbermane.r-s.space\/blogs\/"},"modified":"2025-06-26T20:45:21","modified_gmt":"2025-06-26T20:45:21","slug":"blogs","status":"publish","type":"page","link":"https:\/\/zilbermane.r-s.space\/lv\/blogs\/","title":{"rendered":"Blogs"},"content":{"rendered":"\t\t<div data-elementor-type=\"wp-page\" data-elementor-id=\"691\" class=\"elementor elementor-691 elementor-284\" data-elementor-post-type=\"page\">\n\t\t\t\t<div class=\"elementor-element elementor-element-70068e9 e-flex e-con-boxed e-con e-parent\" data-id=\"70068e9\" data-element_type=\"container\">\n\t\t\t\t\t<div class=\"e-con-inner\">\n\t\t\t\t<div class=\"elementor-element elementor-element-199a5fa elementor-grid-4 elementor-grid-mobile-1 elementor-grid-tablet-2 elementor-widget elementor-widget-loop-grid\" data-id=\"199a5fa\" data-element_type=\"widget\" data-settings=\"{&quot;template_id&quot;:709,&quot;columns&quot;:4,&quot;pagination_type&quot;:&quot;load_more_infinite_scroll&quot;,&quot;load_more_spinner&quot;:{&quot;value&quot;:&quot;fas fa-circle-notch&quot;,&quot;library&quot;:&quot;fa-solid&quot;},&quot;row_gap&quot;:{&quot;unit&quot;:&quot;px&quot;,&quot;size&quot;:90,&quot;sizes&quot;:[]},&quot;columns_mobile&quot;:1,&quot;row_gap_mobile&quot;:{&quot;unit&quot;:&quot;px&quot;,&quot;size&quot;:20,&quot;sizes&quot;:[]},&quot;_skin&quot;:&quot;post&quot;,&quot;columns_tablet&quot;:&quot;2&quot;,&quot;edit_handle_selector&quot;:&quot;[data-elementor-type=\\&quot;loop-item\\&quot;]&quot;,&quot;row_gap_tablet&quot;:{&quot;unit&quot;:&quot;px&quot;,&quot;size&quot;:&quot;&quot;,&quot;sizes&quot;:[]}}\" data-widget_type=\"loop-grid.post\">\n\t\t\t\t<div class=\"elementor-widget-container\">\n\t\t\t\t\t\t\t<div class=\"elementor-loop-container elementor-grid\">\n\t\t<style id=\"loop-dynamic-709\">.e-loop-item-718 .elementor-element.elementor-element-2110783:not(.elementor-motion-effects-element-type-background), .e-loop-item-718 .elementor-element.elementor-element-2110783 > .elementor-motion-effects-container > .elementor-motion-effects-layer{background-image:url(\"https:\/\/zilbermane.r-s.space\/wp-content\/uploads\/2025\/06\/photo_2025-06-10_12-30-25.jpg\");}.e-loop-item-718 .elementor-element.elementor-element-2110783:hover{background-image:url(\"https:\/\/zilbermane.r-s.space\/wp-content\/uploads\/2025\/06\/photo_2025-06-10_12-30-25.jpg\");}<\/style><style id=\"loop-709\">.elementor-709 .elementor-element.elementor-element-db01d57{--display:flex;--flex-direction:column;--container-widget-width:100%;--container-widget-height:initial;--container-widget-flex-grow:0;--container-widget-align-self:initial;--flex-wrap-mobile:wrap;}.elementor-709 .elementor-element.elementor-element-2110783{--display:flex;--min-height:400px;}.elementor-709 .elementor-element.elementor-element-2110783:not(.elementor-motion-effects-element-type-background), .elementor-709 .elementor-element.elementor-element-2110783 > .elementor-motion-effects-container > .elementor-motion-effects-layer{background-position:center center;background-repeat:no-repeat;background-size:cover;}.elementor-709 .elementor-element.elementor-element-2110783:hover{background-position:center center;background-repeat:no-repeat;background-size:cover;}.elementor-709 .elementor-element.elementor-element-dd73e24{--display:flex;--gap:8px 0px;--row-gap:8px;--column-gap:0px;--padding-top:20px;--padding-bottom:10px;--padding-left:8px;--padding-right:8px;}.elementor-widget-theme-post-title .elementor-heading-title{font-family:var( --e-global-typography-primary-font-family ), Sans-serif;font-weight:var( --e-global-typography-primary-font-weight );color:var( --e-global-color-primary );}.elementor-709 .elementor-element.elementor-element-e8bc4f6 .elementor-heading-title{font-family:\"Montserrat\", Sans-serif;font-size:18px;font-weight:600;text-transform:uppercase;}.elementor-widget-theme-post-excerpt .elementor-widget-container{color:var( --e-global-color-text );font-family:var( --e-global-typography-text-font-family ), Sans-serif;font-weight:var( --e-global-typography-text-font-weight );}.elementor-709 .elementor-element.elementor-element-41f69d0 .elementor-widget-container{font-family:\"Montserrat\", Sans-serif;font-size:16px;font-weight:400;}<\/style>\t\t<div data-elementor-type=\"loop-item\" data-elementor-id=\"709\" class=\"elementor elementor-709 elementor-289 e-loop-item e-loop-item-718 post-718 post type-post status-publish format-standard has-post-thumbnail hentry category-uncategorized-lv\" data-elementor-post-type=\"elementor_library\" data-custom-edit-handle=\"1\">\n\t\t\t<div class=\"elementor-element elementor-element-db01d57 e-flex e-con-boxed e-con e-parent\" data-id=\"db01d57\" data-element_type=\"container\">\n\t\t\t\t\t<div class=\"e-con-inner\">\n\t\t<a class=\"elementor-element elementor-element-2110783 e-con-full product-image e-flex e-con e-child\" data-id=\"2110783\" data-element_type=\"container\" data-settings=\"{&quot;background_background&quot;:&quot;classic&quot;,&quot;background_motion_fx_motion_fx_mouse&quot;:&quot;yes&quot;}\" href=\"https:\/\/zilbermane.r-s.space\/lv\/bernu-kolekcija-baltijas-bernu-modes-nedelas-nogale-jurmala\/\">\n\t\t\t\t<\/a>\n\t\t<div class=\"elementor-element elementor-element-dd73e24 e-con-full e-flex e-con e-child\" data-id=\"dd73e24\" data-element_type=\"container\">\n\t\t\t\t<div class=\"elementor-element elementor-element-e8bc4f6 elementor-widget elementor-widget-theme-post-title elementor-page-title elementor-widget-heading\" data-id=\"e8bc4f6\" data-element_type=\"widget\" data-widget_type=\"theme-post-title.default\">\n\t\t\t\t<div class=\"elementor-widget-container\">\n\t\t\t\t\t<h3 class=\"elementor-heading-title elementor-size-default\"><a href=\"https:\/\/zilbermane.r-s.space\/lv\/bernu-kolekcija-baltijas-bernu-modes-nedelas-nogale-jurmala\/\">B\u0113rnu kolekcija Baltijas b\u0113rnu modes ned\u0113\u013cas nogal\u0113 J\u016brmal\u0101<\/a><\/h3>\t\t\t\t<\/div>\n\t\t\t\t<\/div>\n\t\t\t\t<div class=\"elementor-element elementor-element-41f69d0 elementor-widget elementor-widget-theme-post-excerpt\" data-id=\"41f69d0\" data-element_type=\"widget\" data-widget_type=\"theme-post-excerpt.default\">\n\t\t\t\t<div class=\"elementor-widget-container\">\n\t\t\t\t\t2024. gada 20. oktobr\u012b Zilbermane z\u012bmols prezent\u0113ja savu b\u0113rnu kolekciju presti\u017eaj\u0101 Baltijas b\u0113rnu modes ned\u0113\u013cas nogal\u0113.\t\t\t\t<\/div>\n\t\t\t\t<\/div>\n\t\t\t\t<\/div>\n\t\t\t\t\t<\/div>\n\t\t\t\t<\/div>\n\t\t\t\t<\/div>\n\t\t<style id=\"loop-dynamic-709\">.e-loop-item-720 .elementor-element.elementor-element-2110783:not(.elementor-motion-effects-element-type-background), .e-loop-item-720 .elementor-element.elementor-element-2110783 > .elementor-motion-effects-container > .elementor-motion-effects-layer{background-image:url(\"https:\/\/zilbermane.r-s.space\/wp-content\/uploads\/2025\/06\/photo_2025-06-10_12-30-05-e1750060364816.jpg\");}.e-loop-item-720 .elementor-element.elementor-element-2110783:hover{background-image:url(\"https:\/\/zilbermane.r-s.space\/wp-content\/uploads\/2025\/06\/photo_2025-06-10_12-30-05-e1750060364816.jpg\");}<\/style>\t\t<div data-elementor-type=\"loop-item\" data-elementor-id=\"709\" class=\"elementor elementor-709 elementor-289 e-loop-item e-loop-item-720 post-720 post type-post status-publish format-standard has-post-thumbnail hentry category-uncategorized-lv\" data-elementor-post-type=\"elementor_library\" data-custom-edit-handle=\"1\">\n\t\t\t<div class=\"elementor-element elementor-element-db01d57 e-flex e-con-boxed e-con e-parent\" data-id=\"db01d57\" data-element_type=\"container\">\n\t\t\t\t\t<div class=\"e-con-inner\">\n\t\t<a class=\"elementor-element elementor-element-2110783 e-con-full product-image e-flex e-con e-child\" data-id=\"2110783\" data-element_type=\"container\" data-settings=\"{&quot;background_background&quot;:&quot;classic&quot;,&quot;background_motion_fx_motion_fx_mouse&quot;:&quot;yes&quot;}\" href=\"https:\/\/zilbermane.r-s.space\/lv\/zilbermane-uz-starptautiskas-skatuves-iff-sovs\/\">\n\t\t\t\t<\/a>\n\t\t<div class=\"elementor-element elementor-element-dd73e24 e-con-full e-flex e-con e-child\" data-id=\"dd73e24\" data-element_type=\"container\">\n\t\t\t\t<div class=\"elementor-element elementor-element-e8bc4f6 elementor-widget elementor-widget-theme-post-title elementor-page-title elementor-widget-heading\" data-id=\"e8bc4f6\" data-element_type=\"widget\" data-widget_type=\"theme-post-title.default\">\n\t\t\t\t<div class=\"elementor-widget-container\">\n\t\t\t\t\t<h3 class=\"elementor-heading-title elementor-size-default\"><a href=\"https:\/\/zilbermane.r-s.space\/lv\/zilbermane-uz-starptautiskas-skatuves-iff-sovs\/\">Zilbermane uz starptautisk\u0101s skatuves: IFF \u0161ovs<\/a><\/h3>\t\t\t\t<\/div>\n\t\t\t\t<\/div>\n\t\t\t\t<div class=\"elementor-element elementor-element-41f69d0 elementor-widget elementor-widget-theme-post-excerpt\" data-id=\"41f69d0\" data-element_type=\"widget\" data-widget_type=\"theme-post-excerpt.default\">\n\t\t\t\t<div class=\"elementor-widget-container\">\n\t\t\t\t\t2024. gada vasara Zilbermane z\u012bmolam k\u013cuva par noz\u012bm\u012bgu periodu - 22. j\u016bnij\u0101 m\u016bsu kolekcijas ...\t\t\t\t<\/div>\n\t\t\t\t<\/div>\n\t\t\t\t<\/div>\n\t\t\t\t\t<\/div>\n\t\t\t\t<\/div>\n\t\t\t\t<\/div>\n\t\t<style id=\"loop-dynamic-709\">.e-loop-item-722 .elementor-element.elementor-element-2110783:not(.elementor-motion-effects-element-type-background), .e-loop-item-722 .elementor-element.elementor-element-2110783 > .elementor-motion-effects-container > .elementor-motion-effects-layer{background-image:url(\"https:\/\/zilbermane.r-s.space\/wp-content\/uploads\/2025\/05\/photo_2025-06-10_09-00-29-e1749820985150.jpg\");}.e-loop-item-722 .elementor-element.elementor-element-2110783:hover{background-image:url(\"https:\/\/zilbermane.r-s.space\/wp-content\/uploads\/2025\/05\/photo_2025-06-10_09-00-29-e1749820985150.jpg\");}<\/style>\t\t<div data-elementor-type=\"loop-item\" data-elementor-id=\"709\" class=\"elementor elementor-709 elementor-289 e-loop-item e-loop-item-722 post-722 post type-post status-publish format-standard has-post-thumbnail hentry category-uncategorized-lv\" data-elementor-post-type=\"elementor_library\" data-custom-edit-handle=\"1\">\n\t\t\t<div class=\"elementor-element elementor-element-db01d57 e-flex e-con-boxed e-con e-parent\" data-id=\"db01d57\" data-element_type=\"container\">\n\t\t\t\t\t<div class=\"e-con-inner\">\n\t\t<a class=\"elementor-element elementor-element-2110783 e-con-full product-image e-flex e-con e-child\" data-id=\"2110783\" data-element_type=\"container\" data-settings=\"{&quot;background_background&quot;:&quot;classic&quot;,&quot;background_motion_fx_motion_fx_mouse&quot;:&quot;yes&quot;}\" href=\"https:\/\/zilbermane.r-s.space\/lv\/musu-zimols-ieklauts-zurnala-artells\/\">\n\t\t\t\t<\/a>\n\t\t<div class=\"elementor-element elementor-element-dd73e24 e-con-full e-flex e-con e-child\" data-id=\"dd73e24\" data-element_type=\"container\">\n\t\t\t\t<div class=\"elementor-element elementor-element-e8bc4f6 elementor-widget elementor-widget-theme-post-title elementor-page-title elementor-widget-heading\" data-id=\"e8bc4f6\" data-element_type=\"widget\" data-widget_type=\"theme-post-title.default\">\n\t\t\t\t<div class=\"elementor-widget-container\">\n\t\t\t\t\t<h3 class=\"elementor-heading-title elementor-size-default\"><a href=\"https:\/\/zilbermane.r-s.space\/lv\/musu-zimols-ieklauts-zurnala-artells\/\">M\u016bsu z\u012bmols iek\u013cauts \u017eurn\u0101l\u0101 Artells<\/a><\/h3>\t\t\t\t<\/div>\n\t\t\t\t<\/div>\n\t\t\t\t<div class=\"elementor-element elementor-element-41f69d0 elementor-widget elementor-widget-theme-post-excerpt\" data-id=\"41f69d0\" data-element_type=\"widget\" data-widget_type=\"theme-post-excerpt.default\">\n\t\t\t\t<div class=\"elementor-widget-container\">\n\t\t\t\t\tEsam priec\u012bgi dal\u012bties ar aizraujo\u0161\u0101m zi\u0146\u0101m - Zilbermane z\u012bmols ir public\u0113ts \u017eurn\u0101la Artells ziemas numur\u0101!\t\t\t\t<\/div>\n\t\t\t\t<\/div>\n\t\t\t\t<\/div>\n\t\t\t\t\t<\/div>\n\t\t\t\t<\/div>\n\t\t\t\t<\/div>\n\t\t\t\t<\/div>\n\t\t\t\t\t<span class=\"e-load-more-spinner\">\n\t\t\t\t<svg aria-hidden=\"true\" class=\"e-font-icon-svg e-fas-circle-notch\" viewBox=\"0 0 512 512\" xmlns=\"http:\/\/www.w3.org\/2000\/svg\"><path d=\"M288 39.056v16.659c0 10.804 7.281 20.159 17.686 23.066C383.204 100.434 440 171.518 440 256c0 101.689-82.295 184-184 184-101.689 0-184-82.295-184-184 0-84.47 56.786-155.564 134.312-177.219C216.719 75.874 224 66.517 224 55.712V39.064c0-15.709-14.834-27.153-30.046-23.234C86.603 43.482 7.394 141.206 8.003 257.332c.72 137.052 111.477 246.956 248.531 246.667C393.255 503.711 504 392.788 504 256c0-115.633-79.14-212.779-186.211-240.236C302.678 11.889 288 23.456 288 39.056z\"><\/path><\/svg>\t\t\t<\/span>\n\t\t\n\t\t\t\t\t\t<\/div>\n\t\t\t\t<\/div>\n\t\t\t\t\t<\/div>\n\t\t\t\t<\/div>\n\t\t\t\t<\/div>\n\t\t","protected":false},"excerpt":{"rendered":"","protected":false},"author":2,"featured_media":0,"parent":0,"menu_order":0,"comment_status":"closed","ping_status":"closed","template":"","meta":{"footnotes":""},"class_list":["post-691","page","type-page","status-publish","hentry"],"_links":{"self":[{"href":"https:\/\/zilbermane.r-s.space\/lv\/wp-json\/wp\/v2\/pages\/691","targetHints":{"allow":["GET"]}}],"collection":[{"href":"https:\/\/zilbermane.r-s.space\/lv\/wp-json\/wp\/v2\/pages"}],"about":[{"href":"https:\/\/zilbermane.r-s.space\/lv\/wp-json\/wp\/v2\/types\/page"}],"author":[{"embeddable":true,"href":"https:\/\/zilbermane.r-s.space\/lv\/wp-json\/wp\/v2\/users\/2"}],"replies":[{"embeddable":true,"href":"https:\/\/zilbermane.r-s.space\/lv\/wp-json\/wp\/v2\/comments?post=691"}],"version-history":[{"count":1,"href":"https:\/\/zilbermane.r-s.space\/lv\/wp-json\/wp\/v2\/pages\/691\/revisions"}],"predecessor-version":[{"id":692,"href":"https:\/\/zilbermane.r-s.space\/lv\/wp-json\/wp\/v2\/pages\/691\/revisions\/692"}],"wp:attachment":[{"href":"https:\/\/zilbermane.r-s.space\/lv\/wp-json\/wp\/v2\/media?parent=691"}],"curies":[{"name":"wp","href":"https:\/\/api.w.org\/{rel}","templated":true}]}}