{"id":697,"date":"2025-02-07T10:34:51","date_gmt":"2025-02-07T10:34:51","guid":{"rendered":"https:\/\/zilbermane.r-s.space\/biezak-uzdotie-jautajumi\/"},"modified":"2025-06-28T11:54:13","modified_gmt":"2025-06-28T11:54:13","slug":"biezak-uzdotie-jautajumi","status":"publish","type":"page","link":"https:\/\/zilbermane.r-s.space\/lv\/biezak-uzdotie-jautajumi\/","title":{"rendered":"BIE\u017d\u0100K UZDOTIE JAUT\u0100JUMI"},"content":{"rendered":"\t\t<div data-elementor-type=\"wp-page\" data-elementor-id=\"697\" class=\"elementor elementor-697 elementor-65\" data-elementor-post-type=\"page\">\n\t\t\t\t<div class=\"elementor-element elementor-element-51578497 e-flex e-con-boxed e-con e-parent\" data-id=\"51578497\" data-element_type=\"container\">\n\t\t\t\t\t<div class=\"e-con-inner\">\n\t\t\t\t<div class=\"elementor-element elementor-element-662f8d41 elementor-widget elementor-widget-heading\" data-id=\"662f8d41\" data-element_type=\"widget\" data-widget_type=\"heading.default\">\n\t\t\t\t<div class=\"elementor-widget-container\">\n\t\t\t\t\t<h2 class=\"elementor-heading-title elementor-size-default\">BIE\u017d\u0100K UZDOTIE JAUT\u0100JUMI<\/h2>\t\t\t\t<\/div>\n\t\t\t\t<\/div>\n\t\t<div class=\"elementor-element elementor-element-7535573d e-con-full e-flex e-con e-child\" data-id=\"7535573d\" data-element_type=\"container\">\n\t\t\t\t<div class=\"elementor-element elementor-element-6719c1c3 elementor-widget elementor-widget-n-accordion\" data-id=\"6719c1c3\" data-element_type=\"widget\" data-settings=\"{&quot;default_state&quot;:&quot;expanded&quot;,&quot;max_items_expended&quot;:&quot;one&quot;,&quot;n_accordion_animation_duration&quot;:{&quot;unit&quot;:&quot;ms&quot;,&quot;size&quot;:400,&quot;sizes&quot;:[]}}\" data-widget_type=\"nested-accordion.default\">\n\t\t\t\t<div class=\"elementor-widget-container\">\n\t\t\t\t\t\t\t<div class=\"e-n-accordion\" aria-label=\"Accordion. Open links with Enter or Space, close with Escape, and navigate with Arrow Keys\">\n\t\t\t\t\t\t<details id=\"e-n-accordion-item-1720\" class=\"e-n-accordion-item\" open>\n\t\t\t\t<summary class=\"e-n-accordion-item-title\" data-accordion-index=\"1\" tabindex=\"0\" aria-expanded=\"true\" aria-controls=\"e-n-accordion-item-1720\" >\n\t\t\t\t\t<span class='e-n-accordion-item-title-header'><div class=\"e-n-accordion-item-title-text\"> K\u0101 veikt pas\u016bt\u012bjumu? <\/div><\/span>\n\t\t\t\t\t\t\t<span class='e-n-accordion-item-title-icon'>\n\t\t\t<span class='e-opened' ><svg xmlns=\"http:\/\/www.w3.org\/2000\/svg\" width=\"16\" height=\"16\" viewBox=\"0 0 16 16\" fill=\"none\"><g id=\"Arrow \"><path id=\"Vector\" d=\"M11.8798 10.5234C11.9243 10.5692 11.9767 10.605 12.0339 10.6288C12.0912 10.6525 12.1521 10.6638 12.2134 10.6619C12.2746 10.66 12.3349 10.645 12.3908 10.6178C12.4467 10.5905 12.4972 10.5516 12.5392 10.5031C12.5813 10.4547 12.6142 10.3977 12.6361 10.3354C12.6579 10.2731 12.6682 10.2068 12.6665 10.1401C12.6648 10.0735 12.651 10.0079 12.626 9.94707C12.6009 9.88623 12.5651 9.83135 12.5206 9.78557L8.32309 5.47215C8.23649 5.38301 8.12182 5.33341 8.00262 5.33341C7.88349 5.33341 7.76882 5.38301 7.68222 5.47215L3.48422 9.78557C3.43875 9.83105 3.40195 9.88591 3.37615 9.94697C3.35029 10.008 3.33582 10.0741 3.33362 10.1413C3.33149 10.2085 3.34155 10.2754 3.36335 10.3383C3.38515 10.4012 3.41822 10.4588 3.46062 10.5077C3.50309 10.5566 3.55402 10.5958 3.61049 10.6231C3.66695 10.6504 3.72782 10.6652 3.78962 10.6666C3.85135 10.6681 3.91282 10.6562 3.97029 10.6316C4.02782 10.607 4.08022 10.5702 4.12455 10.5234L8.00262 6.53881L11.8798 10.5234Z\" fill=\"#2E2823\"><\/path><\/g><\/svg><\/span>\n\t\t\t<span class='e-closed'><svg xmlns=\"http:\/\/www.w3.org\/2000\/svg\" width=\"16\" height=\"16\" viewBox=\"0 0 16 16\" fill=\"none\"><g id=\"Arrow \"><path id=\"Vector\" d=\"M4.12023 5.47658C4.07571 5.43079 4.02333 5.395 3.96609 5.37125C3.90885 5.34749 3.84787 5.33623 3.78663 5.33811C3.72539 5.34 3.66509 5.35499 3.60918 5.38223C3.55327 5.40947 3.50283 5.44843 3.46075 5.49687C3.41868 5.54533 3.38578 5.60231 3.36395 5.66459C3.34211 5.72687 3.33177 5.79323 3.3335 5.85986C3.33523 5.92649 3.34901 5.99209 3.37405 6.05293C3.39908 6.11377 3.43489 6.16865 3.47941 6.21443L7.67691 10.5279C7.76351 10.617 7.87818 10.6666 7.99738 10.6666C8.11651 10.6666 8.23118 10.617 8.31778 10.5279L12.5158 6.21443C12.5612 6.16895 12.598 6.11409 12.6238 6.05303C12.6497 5.99196 12.6642 5.92592 12.6664 5.85873C12.6685 5.79155 12.6584 5.72456 12.6366 5.66165C12.6148 5.59875 12.5818 5.54119 12.5394 5.49231C12.4969 5.44343 12.446 5.40421 12.3895 5.37693C12.333 5.34964 12.2722 5.33484 12.2104 5.33337C12.1486 5.33191 12.0872 5.34381 12.0297 5.3684C11.9722 5.39298 11.9198 5.42975 11.8754 5.47658L7.99738 9.46119L4.12023 5.47658Z\" fill=\"#2E2823\"><\/path><\/g><\/svg><\/span>\n\t\t<\/span>\n\n\t\t\t\t\t\t<\/summary>\n\t\t\t\t<div role=\"region\" aria-labelledby=\"e-n-accordion-item-1720\" class=\"elementor-element elementor-element-7411a395 e-con-full e-flex e-con e-child\" data-id=\"7411a395\" data-element_type=\"container\">\n\t\t\t\t<div class=\"elementor-element elementor-element-5563caea elementor-widget elementor-widget-text-editor\" data-id=\"5563caea\" data-element_type=\"widget\" data-widget_type=\"text-editor.default\">\n\t\t\t\t<div class=\"elementor-widget-container\">\n\t\t\t\t\t\t\t\t\t<p>Lai veiktu pas\u016bt\u012bjumu, p\u0101rl\u016bkojiet m\u016bsu kolekciju, atlasiet v\u0113lam\u0101s preces, izv\u0113lieties atbilsto\u0161u izm\u0113ru un kr\u0101su un noklik\u0161\u0137iniet uz &#8220;Pievienot grozam&#8221;. Kad esat pabeidzis iepirk\u0161anos, dodieties uz grozu, ievadiet pieg\u0101des un maks\u0101juma inform\u0101ciju un apstipriniet pas\u016bt\u012bjumu. <\/p>\t\t\t\t\t\t\t\t<\/div>\n\t\t\t\t<\/div>\n\t\t\t\t<\/div>\n\t\t\t\t\t<\/details>\n\t\t\t\t\t\t<details id=\"e-n-accordion-item-1721\" class=\"e-n-accordion-item\" >\n\t\t\t\t<summary class=\"e-n-accordion-item-title\" data-accordion-index=\"2\" tabindex=\"-1\" aria-expanded=\"false\" aria-controls=\"e-n-accordion-item-1721\" >\n\t\t\t\t\t<span class='e-n-accordion-item-title-header'><div class=\"e-n-accordion-item-title-text\"> Vai mana maks\u0101jumu inform\u0101cija ir dro\u0161a? <\/div><\/span>\n\t\t\t\t\t\t\t<span class='e-n-accordion-item-title-icon'>\n\t\t\t<span class='e-opened' ><svg xmlns=\"http:\/\/www.w3.org\/2000\/svg\" width=\"16\" height=\"16\" viewBox=\"0 0 16 16\" fill=\"none\"><g id=\"Arrow \"><path id=\"Vector\" d=\"M11.8798 10.5234C11.9243 10.5692 11.9767 10.605 12.0339 10.6288C12.0912 10.6525 12.1521 10.6638 12.2134 10.6619C12.2746 10.66 12.3349 10.645 12.3908 10.6178C12.4467 10.5905 12.4972 10.5516 12.5392 10.5031C12.5813 10.4547 12.6142 10.3977 12.6361 10.3354C12.6579 10.2731 12.6682 10.2068 12.6665 10.1401C12.6648 10.0735 12.651 10.0079 12.626 9.94707C12.6009 9.88623 12.5651 9.83135 12.5206 9.78557L8.32309 5.47215C8.23649 5.38301 8.12182 5.33341 8.00262 5.33341C7.88349 5.33341 7.76882 5.38301 7.68222 5.47215L3.48422 9.78557C3.43875 9.83105 3.40195 9.88591 3.37615 9.94697C3.35029 10.008 3.33582 10.0741 3.33362 10.1413C3.33149 10.2085 3.34155 10.2754 3.36335 10.3383C3.38515 10.4012 3.41822 10.4588 3.46062 10.5077C3.50309 10.5566 3.55402 10.5958 3.61049 10.6231C3.66695 10.6504 3.72782 10.6652 3.78962 10.6666C3.85135 10.6681 3.91282 10.6562 3.97029 10.6316C4.02782 10.607 4.08022 10.5702 4.12455 10.5234L8.00262 6.53881L11.8798 10.5234Z\" fill=\"#2E2823\"><\/path><\/g><\/svg><\/span>\n\t\t\t<span class='e-closed'><svg xmlns=\"http:\/\/www.w3.org\/2000\/svg\" width=\"16\" height=\"16\" viewBox=\"0 0 16 16\" fill=\"none\"><g id=\"Arrow \"><path id=\"Vector\" d=\"M4.12023 5.47658C4.07571 5.43079 4.02333 5.395 3.96609 5.37125C3.90885 5.34749 3.84787 5.33623 3.78663 5.33811C3.72539 5.34 3.66509 5.35499 3.60918 5.38223C3.55327 5.40947 3.50283 5.44843 3.46075 5.49687C3.41868 5.54533 3.38578 5.60231 3.36395 5.66459C3.34211 5.72687 3.33177 5.79323 3.3335 5.85986C3.33523 5.92649 3.34901 5.99209 3.37405 6.05293C3.39908 6.11377 3.43489 6.16865 3.47941 6.21443L7.67691 10.5279C7.76351 10.617 7.87818 10.6666 7.99738 10.6666C8.11651 10.6666 8.23118 10.617 8.31778 10.5279L12.5158 6.21443C12.5612 6.16895 12.598 6.11409 12.6238 6.05303C12.6497 5.99196 12.6642 5.92592 12.6664 5.85873C12.6685 5.79155 12.6584 5.72456 12.6366 5.66165C12.6148 5.59875 12.5818 5.54119 12.5394 5.49231C12.4969 5.44343 12.446 5.40421 12.3895 5.37693C12.333 5.34964 12.2722 5.33484 12.2104 5.33337C12.1486 5.33191 12.0872 5.34381 12.0297 5.3684C11.9722 5.39298 11.9198 5.42975 11.8754 5.47658L7.99738 9.46119L4.12023 5.47658Z\" fill=\"#2E2823\"><\/path><\/g><\/svg><\/span>\n\t\t<\/span>\n\n\t\t\t\t\t\t<\/summary>\n\t\t\t\t<div role=\"region\" aria-labelledby=\"e-n-accordion-item-1721\" class=\"elementor-element elementor-element-f864a69 e-con-full e-flex e-con e-child\" data-id=\"f864a69\" data-element_type=\"container\">\n\t\t\t\t<div class=\"elementor-element elementor-element-9d57f62 elementor-widget elementor-widget-text-editor\" data-id=\"9d57f62\" data-element_type=\"widget\" data-widget_type=\"text-editor.default\">\n\t\t\t\t<div class=\"elementor-widget-container\">\n\t\t\t\t\t\t\t\t\t<p>J\u0101, m\u0113s pie\u0161\u0137iram priorit\u0101ti j\u016bsu dro\u0161\u012bbai. M\u016bsu t\u012bmek\u013ca vietn\u0113 tiek izmantots SSL \u0161ifr\u0113jums, lai aizsarg\u0101tu j\u016bsu personisko un maks\u0101jumu inform\u0101ciju. <\/p>\t\t\t\t\t\t\t\t<\/div>\n\t\t\t\t<\/div>\n\t\t\t\t<\/div>\n\t\t\t\t\t<\/details>\n\t\t\t\t\t\t<details id=\"e-n-accordion-item-1722\" class=\"e-n-accordion-item\" >\n\t\t\t\t<summary class=\"e-n-accordion-item-title\" data-accordion-index=\"3\" tabindex=\"-1\" aria-expanded=\"false\" aria-controls=\"e-n-accordion-item-1722\" >\n\t\t\t\t\t<span class='e-n-accordion-item-title-header'><div class=\"e-n-accordion-item-title-text\"> Vai j\u016bs veicat starptautiskus s\u016bt\u012bjumus? <\/div><\/span>\n\t\t\t\t\t\t\t<span class='e-n-accordion-item-title-icon'>\n\t\t\t<span class='e-opened' ><svg xmlns=\"http:\/\/www.w3.org\/2000\/svg\" width=\"16\" height=\"16\" viewBox=\"0 0 16 16\" fill=\"none\"><g id=\"Arrow \"><path id=\"Vector\" d=\"M11.8798 10.5234C11.9243 10.5692 11.9767 10.605 12.0339 10.6288C12.0912 10.6525 12.1521 10.6638 12.2134 10.6619C12.2746 10.66 12.3349 10.645 12.3908 10.6178C12.4467 10.5905 12.4972 10.5516 12.5392 10.5031C12.5813 10.4547 12.6142 10.3977 12.6361 10.3354C12.6579 10.2731 12.6682 10.2068 12.6665 10.1401C12.6648 10.0735 12.651 10.0079 12.626 9.94707C12.6009 9.88623 12.5651 9.83135 12.5206 9.78557L8.32309 5.47215C8.23649 5.38301 8.12182 5.33341 8.00262 5.33341C7.88349 5.33341 7.76882 5.38301 7.68222 5.47215L3.48422 9.78557C3.43875 9.83105 3.40195 9.88591 3.37615 9.94697C3.35029 10.008 3.33582 10.0741 3.33362 10.1413C3.33149 10.2085 3.34155 10.2754 3.36335 10.3383C3.38515 10.4012 3.41822 10.4588 3.46062 10.5077C3.50309 10.5566 3.55402 10.5958 3.61049 10.6231C3.66695 10.6504 3.72782 10.6652 3.78962 10.6666C3.85135 10.6681 3.91282 10.6562 3.97029 10.6316C4.02782 10.607 4.08022 10.5702 4.12455 10.5234L8.00262 6.53881L11.8798 10.5234Z\" fill=\"#2E2823\"><\/path><\/g><\/svg><\/span>\n\t\t\t<span class='e-closed'><svg xmlns=\"http:\/\/www.w3.org\/2000\/svg\" width=\"16\" height=\"16\" viewBox=\"0 0 16 16\" fill=\"none\"><g id=\"Arrow \"><path id=\"Vector\" d=\"M4.12023 5.47658C4.07571 5.43079 4.02333 5.395 3.96609 5.37125C3.90885 5.34749 3.84787 5.33623 3.78663 5.33811C3.72539 5.34 3.66509 5.35499 3.60918 5.38223C3.55327 5.40947 3.50283 5.44843 3.46075 5.49687C3.41868 5.54533 3.38578 5.60231 3.36395 5.66459C3.34211 5.72687 3.33177 5.79323 3.3335 5.85986C3.33523 5.92649 3.34901 5.99209 3.37405 6.05293C3.39908 6.11377 3.43489 6.16865 3.47941 6.21443L7.67691 10.5279C7.76351 10.617 7.87818 10.6666 7.99738 10.6666C8.11651 10.6666 8.23118 10.617 8.31778 10.5279L12.5158 6.21443C12.5612 6.16895 12.598 6.11409 12.6238 6.05303C12.6497 5.99196 12.6642 5.92592 12.6664 5.85873C12.6685 5.79155 12.6584 5.72456 12.6366 5.66165C12.6148 5.59875 12.5818 5.54119 12.5394 5.49231C12.4969 5.44343 12.446 5.40421 12.3895 5.37693C12.333 5.34964 12.2722 5.33484 12.2104 5.33337C12.1486 5.33191 12.0872 5.34381 12.0297 5.3684C11.9722 5.39298 11.9198 5.42975 11.8754 5.47658L7.99738 9.46119L4.12023 5.47658Z\" fill=\"#2E2823\"><\/path><\/g><\/svg><\/span>\n\t\t<\/span>\n\n\t\t\t\t\t\t<\/summary>\n\t\t\t\t<div role=\"region\" aria-labelledby=\"e-n-accordion-item-1722\" class=\"elementor-element elementor-element-7f76e8d7 e-con-full e-flex e-con e-child\" data-id=\"7f76e8d7\" data-element_type=\"container\">\n\t\t\t\t<div class=\"elementor-element elementor-element-38e11c5d elementor-widget elementor-widget-text-editor\" data-id=\"38e11c5d\" data-element_type=\"widget\" data-widget_type=\"text-editor.default\">\n\t\t\t\t<div class=\"elementor-widget-container\">\n\t\t\t\t\t\t\t\t\t<p>J\u0101, m\u0113s pieg\u0101d\u0101jam s\u016bt\u012bjumus Latvij\u0101 un cit\u0101s valst\u012bs. Pieg\u0101des iesp\u0113jas un izmaksas tiks par\u0101d\u012btas nor\u0113\u0137in\u0101\u0161an\u0101s laik\u0101, pamatojoties uz j\u016bsu atra\u0161an\u0101s vietu. <\/p>\t\t\t\t\t\t\t\t<\/div>\n\t\t\t\t<\/div>\n\t\t\t\t<\/div>\n\t\t\t\t\t<\/details>\n\t\t\t\t\t\t<details id=\"e-n-accordion-item-1723\" class=\"e-n-accordion-item\" >\n\t\t\t\t<summary class=\"e-n-accordion-item-title\" data-accordion-index=\"4\" tabindex=\"-1\" aria-expanded=\"false\" aria-controls=\"e-n-accordion-item-1723\" >\n\t\t\t\t\t<span class='e-n-accordion-item-title-header'><div class=\"e-n-accordion-item-title-text\"> Vai p\u0113c pas\u016bt\u012bjuma veik\u0161anas es varu to main\u012bt vai atcelt? <\/div><\/span>\n\t\t\t\t\t\t\t<span class='e-n-accordion-item-title-icon'>\n\t\t\t<span class='e-opened' ><svg xmlns=\"http:\/\/www.w3.org\/2000\/svg\" width=\"16\" height=\"16\" viewBox=\"0 0 16 16\" fill=\"none\"><g id=\"Arrow \"><path id=\"Vector\" d=\"M11.8798 10.5234C11.9243 10.5692 11.9767 10.605 12.0339 10.6288C12.0912 10.6525 12.1521 10.6638 12.2134 10.6619C12.2746 10.66 12.3349 10.645 12.3908 10.6178C12.4467 10.5905 12.4972 10.5516 12.5392 10.5031C12.5813 10.4547 12.6142 10.3977 12.6361 10.3354C12.6579 10.2731 12.6682 10.2068 12.6665 10.1401C12.6648 10.0735 12.651 10.0079 12.626 9.94707C12.6009 9.88623 12.5651 9.83135 12.5206 9.78557L8.32309 5.47215C8.23649 5.38301 8.12182 5.33341 8.00262 5.33341C7.88349 5.33341 7.76882 5.38301 7.68222 5.47215L3.48422 9.78557C3.43875 9.83105 3.40195 9.88591 3.37615 9.94697C3.35029 10.008 3.33582 10.0741 3.33362 10.1413C3.33149 10.2085 3.34155 10.2754 3.36335 10.3383C3.38515 10.4012 3.41822 10.4588 3.46062 10.5077C3.50309 10.5566 3.55402 10.5958 3.61049 10.6231C3.66695 10.6504 3.72782 10.6652 3.78962 10.6666C3.85135 10.6681 3.91282 10.6562 3.97029 10.6316C4.02782 10.607 4.08022 10.5702 4.12455 10.5234L8.00262 6.53881L11.8798 10.5234Z\" fill=\"#2E2823\"><\/path><\/g><\/svg><\/span>\n\t\t\t<span class='e-closed'><svg xmlns=\"http:\/\/www.w3.org\/2000\/svg\" width=\"16\" height=\"16\" viewBox=\"0 0 16 16\" fill=\"none\"><g id=\"Arrow \"><path id=\"Vector\" d=\"M4.12023 5.47658C4.07571 5.43079 4.02333 5.395 3.96609 5.37125C3.90885 5.34749 3.84787 5.33623 3.78663 5.33811C3.72539 5.34 3.66509 5.35499 3.60918 5.38223C3.55327 5.40947 3.50283 5.44843 3.46075 5.49687C3.41868 5.54533 3.38578 5.60231 3.36395 5.66459C3.34211 5.72687 3.33177 5.79323 3.3335 5.85986C3.33523 5.92649 3.34901 5.99209 3.37405 6.05293C3.39908 6.11377 3.43489 6.16865 3.47941 6.21443L7.67691 10.5279C7.76351 10.617 7.87818 10.6666 7.99738 10.6666C8.11651 10.6666 8.23118 10.617 8.31778 10.5279L12.5158 6.21443C12.5612 6.16895 12.598 6.11409 12.6238 6.05303C12.6497 5.99196 12.6642 5.92592 12.6664 5.85873C12.6685 5.79155 12.6584 5.72456 12.6366 5.66165C12.6148 5.59875 12.5818 5.54119 12.5394 5.49231C12.4969 5.44343 12.446 5.40421 12.3895 5.37693C12.333 5.34964 12.2722 5.33484 12.2104 5.33337C12.1486 5.33191 12.0872 5.34381 12.0297 5.3684C11.9722 5.39298 11.9198 5.42975 11.8754 5.47658L7.99738 9.46119L4.12023 5.47658Z\" fill=\"#2E2823\"><\/path><\/g><\/svg><\/span>\n\t\t<\/span>\n\n\t\t\t\t\t\t<\/summary>\n\t\t\t\t<div role=\"region\" aria-labelledby=\"e-n-accordion-item-1723\" class=\"elementor-element elementor-element-532179ab e-flex e-con-boxed e-con e-child\" data-id=\"532179ab\" data-element_type=\"container\">\n\t\t\t\t\t<div class=\"e-con-inner\">\n\t\t\t\t<div class=\"elementor-element elementor-element-2c82eaf3 elementor-widget elementor-widget-text-editor\" data-id=\"2c82eaf3\" data-element_type=\"widget\" data-widget_type=\"text-editor.default\">\n\t\t\t\t<div class=\"elementor-widget-container\">\n\t\t\t\t\t\t\t\t\t<p>Ja j\u016bsu pas\u016bt\u012bjums nav apstr\u0101d\u0101ts vai nos\u016bt\u012bts, jus varat to main\u012bt vai atcelt. Lai piepras\u012btu izmai\u0146as, p\u0113c iesp\u0113jas \u0101tr\u0101k sazinieties ar m\u016bsu klientu apkalpo\u0161anas dienestu. <\/p>\t\t\t\t\t\t\t\t<\/div>\n\t\t\t\t<\/div>\n\t\t\t\t\t<\/div>\n\t\t\t\t<\/div>\n\t\t\t\t\t<\/details>\n\t\t\t\t\t\t<details id=\"e-n-accordion-item-1724\" class=\"e-n-accordion-item\" >\n\t\t\t\t<summary class=\"e-n-accordion-item-title\" data-accordion-index=\"5\" tabindex=\"-1\" aria-expanded=\"false\" aria-controls=\"e-n-accordion-item-1724\" >\n\t\t\t\t\t<span class='e-n-accordion-item-title-header'><div class=\"e-n-accordion-item-title-text\"> K\u0101 sazin\u0101ties ar klientu apkalpo\u0161anas dienestu? <\/div><\/span>\n\t\t\t\t\t\t\t<span class='e-n-accordion-item-title-icon'>\n\t\t\t<span class='e-opened' ><svg xmlns=\"http:\/\/www.w3.org\/2000\/svg\" width=\"16\" height=\"16\" viewBox=\"0 0 16 16\" fill=\"none\"><g id=\"Arrow \"><path id=\"Vector\" d=\"M11.8798 10.5234C11.9243 10.5692 11.9767 10.605 12.0339 10.6288C12.0912 10.6525 12.1521 10.6638 12.2134 10.6619C12.2746 10.66 12.3349 10.645 12.3908 10.6178C12.4467 10.5905 12.4972 10.5516 12.5392 10.5031C12.5813 10.4547 12.6142 10.3977 12.6361 10.3354C12.6579 10.2731 12.6682 10.2068 12.6665 10.1401C12.6648 10.0735 12.651 10.0079 12.626 9.94707C12.6009 9.88623 12.5651 9.83135 12.5206 9.78557L8.32309 5.47215C8.23649 5.38301 8.12182 5.33341 8.00262 5.33341C7.88349 5.33341 7.76882 5.38301 7.68222 5.47215L3.48422 9.78557C3.43875 9.83105 3.40195 9.88591 3.37615 9.94697C3.35029 10.008 3.33582 10.0741 3.33362 10.1413C3.33149 10.2085 3.34155 10.2754 3.36335 10.3383C3.38515 10.4012 3.41822 10.4588 3.46062 10.5077C3.50309 10.5566 3.55402 10.5958 3.61049 10.6231C3.66695 10.6504 3.72782 10.6652 3.78962 10.6666C3.85135 10.6681 3.91282 10.6562 3.97029 10.6316C4.02782 10.607 4.08022 10.5702 4.12455 10.5234L8.00262 6.53881L11.8798 10.5234Z\" fill=\"#2E2823\"><\/path><\/g><\/svg><\/span>\n\t\t\t<span class='e-closed'><svg xmlns=\"http:\/\/www.w3.org\/2000\/svg\" width=\"16\" height=\"16\" viewBox=\"0 0 16 16\" fill=\"none\"><g id=\"Arrow \"><path id=\"Vector\" d=\"M4.12023 5.47658C4.07571 5.43079 4.02333 5.395 3.96609 5.37125C3.90885 5.34749 3.84787 5.33623 3.78663 5.33811C3.72539 5.34 3.66509 5.35499 3.60918 5.38223C3.55327 5.40947 3.50283 5.44843 3.46075 5.49687C3.41868 5.54533 3.38578 5.60231 3.36395 5.66459C3.34211 5.72687 3.33177 5.79323 3.3335 5.85986C3.33523 5.92649 3.34901 5.99209 3.37405 6.05293C3.39908 6.11377 3.43489 6.16865 3.47941 6.21443L7.67691 10.5279C7.76351 10.617 7.87818 10.6666 7.99738 10.6666C8.11651 10.6666 8.23118 10.617 8.31778 10.5279L12.5158 6.21443C12.5612 6.16895 12.598 6.11409 12.6238 6.05303C12.6497 5.99196 12.6642 5.92592 12.6664 5.85873C12.6685 5.79155 12.6584 5.72456 12.6366 5.66165C12.6148 5.59875 12.5818 5.54119 12.5394 5.49231C12.4969 5.44343 12.446 5.40421 12.3895 5.37693C12.333 5.34964 12.2722 5.33484 12.2104 5.33337C12.1486 5.33191 12.0872 5.34381 12.0297 5.3684C11.9722 5.39298 11.9198 5.42975 11.8754 5.47658L7.99738 9.46119L4.12023 5.47658Z\" fill=\"#2E2823\"><\/path><\/g><\/svg><\/span>\n\t\t<\/span>\n\n\t\t\t\t\t\t<\/summary>\n\t\t\t\t<div role=\"region\" aria-labelledby=\"e-n-accordion-item-1724\" class=\"elementor-element elementor-element-990d937 e-flex e-con-boxed e-con e-child\" data-id=\"990d937\" data-element_type=\"container\">\n\t\t\t\t\t<div class=\"e-con-inner\">\n\t\t\t\t<div class=\"elementor-element elementor-element-701070b4 elementor-widget elementor-widget-text-editor\" data-id=\"701070b4\" data-element_type=\"widget\" data-widget_type=\"text-editor.default\">\n\t\t\t\t<div class=\"elementor-widget-container\">\n\t\t\t\t\t\t\t\t\t<p>Ar m\u016bsu klientu apkalpo\u0161anas komandu var sazin\u0101ties pa e-pastu [email] vai pa t\u0101lruni +371 12345678. M\u016bsu atbalsta darba laiks ir no pirmdienas l\u012bdz piektdienai no plkst. 9:00 l\u012bdz 18:00 (EET). <\/p>\t\t\t\t\t\t\t\t<\/div>\n\t\t\t\t<\/div>\n\t\t\t\t\t<\/div>\n\t\t\t\t<\/div>\n\t\t\t\t\t<\/details>\n\t\t\t\t\t<\/div>\n\t\t\t\t\t\t<\/div>\n\t\t\t\t<\/div>\n\t\t\t\t<\/div>\n\t\t\t\t\t<\/div>\n\t\t\t\t<\/div>\n\t\t\t\t<\/div>\n\t\t","protected":false},"excerpt":{"rendered":"<p>BIE\u017d\u0100K UZDOTIE JAUT\u0100JUMI K\u0101 veikt pas\u016bt\u012bjumu? Lai veiktu pas\u016bt\u012bjumu, p\u0101rl\u016bkojiet m\u016bsu kolekciju, atlasiet v\u0113lam\u0101s preces, izv\u0113lieties atbilsto\u0161u izm\u0113ru un kr\u0101su un noklik\u0161\u0137iniet uz &#8220;Pievienot grozam&#8221;. Kad esat pabeidzis iepirk\u0161anos, dodieties uz grozu, ievadiet pieg\u0101des un maks\u0101juma inform\u0101ciju un apstipriniet pas\u016bt\u012bjumu. Vai mana maks\u0101jumu inform\u0101cija ir dro\u0161a? J\u0101, m\u0113s pie\u0161\u0137iram priorit\u0101ti j\u016bsu dro\u0161\u012bbai. M\u016bsu t\u012bmek\u013ca vietn\u0113 [&hellip;]<\/p>\n","protected":false},"author":2,"featured_media":0,"parent":0,"menu_order":0,"comment_status":"closed","ping_status":"closed","template":"","meta":{"footnotes":""},"class_list":["post-697","page","type-page","status-publish","hentry"],"_links":{"self":[{"href":"https:\/\/zilbermane.r-s.space\/lv\/wp-json\/wp\/v2\/pages\/697","targetHints":{"allow":["GET"]}}],"collection":[{"href":"https:\/\/zilbermane.r-s.space\/lv\/wp-json\/wp\/v2\/pages"}],"about":[{"href":"https:\/\/zilbermane.r-s.space\/lv\/wp-json\/wp\/v2\/types\/page"}],"author":[{"embeddable":true,"href":"https:\/\/zilbermane.r-s.space\/lv\/wp-json\/wp\/v2\/users\/2"}],"replies":[{"embeddable":true,"href":"https:\/\/zilbermane.r-s.space\/lv\/wp-json\/wp\/v2\/comments?post=697"}],"version-history":[{"count":3,"href":"https:\/\/zilbermane.r-s.space\/lv\/wp-json\/wp\/v2\/pages\/697\/revisions"}],"predecessor-version":[{"id":791,"href":"https:\/\/zilbermane.r-s.space\/lv\/wp-json\/wp\/v2\/pages\/697\/revisions\/791"}],"wp:attachment":[{"href":"https:\/\/zilbermane.r-s.space\/lv\/wp-json\/wp\/v2\/media?parent=697"}],"curies":[{"name":"wp","href":"https:\/\/api.w.org\/{rel}","templated":true}]}}