{"id":699,"date":"2025-02-07T10:34:52","date_gmt":"2025-02-07T10:34:52","guid":{"rendered":"https:\/\/zilbermane.r-s.space\/par-mums\/"},"modified":"2025-06-30T13:51:11","modified_gmt":"2025-06-30T13:51:11","slug":"par-mums","status":"publish","type":"page","link":"https:\/\/zilbermane.r-s.space\/lv\/par-mums\/","title":{"rendered":"Par mums"},"content":{"rendered":"\t\t<div data-elementor-type=\"wp-page\" data-elementor-id=\"699\" class=\"elementor elementor-699 elementor-75\" data-elementor-post-type=\"page\">\n\t\t\t\t<div class=\"elementor-element elementor-element-5fa4cee1 e-flex e-con-boxed e-con e-parent\" data-id=\"5fa4cee1\" data-element_type=\"container\">\n\t\t\t\t\t<div class=\"e-con-inner\">\n\t\t\t\t<div class=\"elementor-element elementor-element-97baf96 elementor-widget elementor-widget-heading\" data-id=\"97baf96\" data-element_type=\"widget\" data-widget_type=\"heading.default\">\n\t\t\t\t<div class=\"elementor-widget-container\">\n\t\t\t\t\t<h2 class=\"elementor-heading-title elementor-size-default\">Par mums<\/h2>\t\t\t\t<\/div>\n\t\t\t\t<\/div>\n\t\t<div class=\"elementor-element elementor-element-6512a5f8 e-con-full e-flex e-con e-child\" data-id=\"6512a5f8\" data-element_type=\"container\">\n\t\t<div class=\"elementor-element elementor-element-2c685991 e-con-full e-flex e-con e-child\" data-id=\"2c685991\" data-element_type=\"container\">\n\t\t\t\t<div class=\"elementor-element elementor-element-4b25ab31 elementor-widget elementor-widget-image\" data-id=\"4b25ab31\" data-element_type=\"widget\" data-widget_type=\"image.default\">\n\t\t\t\t<div class=\"elementor-widget-container\">\n\t\t\t\t\t\t\t\t\t\t\t\t\t\t\t<img fetchpriority=\"high\" decoding=\"async\" width=\"1290\" height=\"976\" src=\"https:\/\/zilbermane.r-s.space\/wp-content\/uploads\/2025\/02\/image-3-min.jpg\" class=\"attachment-full size-full wp-image-338\" alt=\"\" srcset=\"https:\/\/zilbermane.r-s.space\/wp-content\/uploads\/2025\/02\/image-3-min.jpg 1290w, https:\/\/zilbermane.r-s.space\/wp-content\/uploads\/2025\/02\/image-3-min-600x454.jpg 600w, https:\/\/zilbermane.r-s.space\/wp-content\/uploads\/2025\/02\/image-3-min-300x227.jpg 300w, https:\/\/zilbermane.r-s.space\/wp-content\/uploads\/2025\/02\/image-3-min-1024x775.jpg 1024w, https:\/\/zilbermane.r-s.space\/wp-content\/uploads\/2025\/02\/image-3-min-768x581.jpg 768w\" sizes=\"(max-width: 1290px) 100vw, 1290px\" \/>\t\t\t\t\t\t\t\t\t\t\t\t\t\t\t<\/div>\n\t\t\t\t<\/div>\n\t\t\t\t<\/div>\n\t\t<div class=\"elementor-element elementor-element-2732f90d e-con-full e-flex e-con e-child\" data-id=\"2732f90d\" data-element_type=\"container\">\n\t\t\t\t<div class=\"elementor-element elementor-element-1dd59ca9 elementor-widget elementor-widget-heading\" data-id=\"1dd59ca9\" data-element_type=\"widget\" data-widget_type=\"heading.default\">\n\t\t\t\t<div class=\"elementor-widget-container\">\n\t\t\t\t\t<h3 class=\"elementor-heading-title elementor-size-default\">\"Ma\u0123ija s\u0101kas ar ideju.<\/h3>\t\t\t\t<\/div>\n\t\t\t\t<\/div>\n\t\t\t\t<div class=\"elementor-element elementor-element-71ef1ee7 elementor-widget elementor-widget-text-editor\" data-id=\"71ef1ee7\" data-element_type=\"widget\" data-widget_type=\"text-editor.default\">\n\t\t\t\t<div class=\"elementor-widget-container\">\n\t\t\t\t\t\t\t\t\t<p>Es g\u016bstu motiv\u0101ciju, kad radu ori\u0123in\u0101lu ideju, kas ir piepild\u012bta ar j\u0113gu un iedvesmu. Visinteresant\u0101kais s\u0101kas br\u012bd\u012b, kad \u0161\u012bs idejas p\u0101rtop realit\u0101t\u0113. M\u016bsu rokas s\u0101k str\u0101d\u0101t \u2013 rad\u012bt, kr\u0101sot un iemiesot to, kas s\u0101kotn\u0113ji bija tikai att\u0113ls man\u0101 pr\u0101t\u0101. Tagad \u2013 j\u016bsu priek\u0161\u0101 \u2013 mans rado\u0161ais darbs. Mani iedvesmo tas, k\u0101 s\u012bk\u0101k\u0101s deta\u013cas, kr\u0101sas un formas apvienojas vienot\u0101 harmonij\u0101, radot skaistumu un unik\u0101lu raksturu katr\u0101 Zilbermane ap\u0123\u0113rb\u0101    <\/p>\t\t\t\t\t\t\t\t<\/div>\n\t\t\t\t<\/div>\n\t\t\t\t<div class=\"elementor-element elementor-element-1ac19bdb elementor-widget elementor-widget-text-editor\" data-id=\"1ac19bdb\" data-element_type=\"widget\" data-widget_type=\"text-editor.default\">\n\t\t\t\t<div class=\"elementor-widget-container\">\n\t\t\t\t\t\t\t\t\t<p>Svetlana Zilbermane<\/p>\t\t\t\t\t\t\t\t<\/div>\n\t\t\t\t<\/div>\n\t\t\t\t<\/div>\n\t\t\t\t<\/div>\n\t\t\t\t\t<\/div>\n\t\t\t\t<\/div>\n\t\t\t\t<\/div>\n\t\t","protected":false},"excerpt":{"rendered":"<p>Par mums &#8220;Ma\u0123ija s\u0101kas ar ideju. Es g\u016bstu motiv\u0101ciju, kad radu ori\u0123in\u0101lu ideju, kas ir piepild\u012bta ar j\u0113gu un iedvesmu. Visinteresant\u0101kais s\u0101kas br\u012bd\u012b, kad \u0161\u012bs idejas p\u0101rtop realit\u0101t\u0113. M\u016bsu rokas s\u0101k str\u0101d\u0101t \u2013 rad\u012bt, kr\u0101sot un iemiesot to, kas s\u0101kotn\u0113ji bija tikai att\u0113ls man\u0101 pr\u0101t\u0101. Tagad \u2013 j\u016bsu priek\u0161\u0101 \u2013 mans rado\u0161ais darbs. Mani iedvesmo [&hellip;]<\/p>\n","protected":false},"author":2,"featured_media":0,"parent":0,"menu_order":0,"comment_status":"closed","ping_status":"closed","template":"","meta":{"footnotes":""},"class_list":["post-699","page","type-page","status-publish","hentry"],"_links":{"self":[{"href":"https:\/\/zilbermane.r-s.space\/lv\/wp-json\/wp\/v2\/pages\/699","targetHints":{"allow":["GET"]}}],"collection":[{"href":"https:\/\/zilbermane.r-s.space\/lv\/wp-json\/wp\/v2\/pages"}],"about":[{"href":"https:\/\/zilbermane.r-s.space\/lv\/wp-json\/wp\/v2\/types\/page"}],"author":[{"embeddable":true,"href":"https:\/\/zilbermane.r-s.space\/lv\/wp-json\/wp\/v2\/users\/2"}],"replies":[{"embeddable":true,"href":"https:\/\/zilbermane.r-s.space\/lv\/wp-json\/wp\/v2\/comments?post=699"}],"version-history":[{"count":3,"href":"https:\/\/zilbermane.r-s.space\/lv\/wp-json\/wp\/v2\/pages\/699\/revisions"}],"predecessor-version":[{"id":793,"href":"https:\/\/zilbermane.r-s.space\/lv\/wp-json\/wp\/v2\/pages\/699\/revisions\/793"}],"wp:attachment":[{"href":"https:\/\/zilbermane.r-s.space\/lv\/wp-json\/wp\/v2\/media?parent=699"}],"curies":[{"name":"wp","href":"https:\/\/api.w.org\/{rel}","templated":true}]}}