{"id":701,"date":"2025-02-07T10:34:51","date_gmt":"2025-02-07T10:34:51","guid":{"rendered":"https:\/\/zilbermane.r-s.space\/maksajumi\/"},"modified":"2025-06-26T20:45:30","modified_gmt":"2025-06-26T20:45:30","slug":"maksajumi","status":"publish","type":"page","link":"https:\/\/zilbermane.r-s.space\/lv\/maksajumi\/","title":{"rendered":"Maks\u0101jumi"},"content":{"rendered":"\t\t<div data-elementor-type=\"wp-page\" data-elementor-id=\"701\" class=\"elementor elementor-701 elementor-68\" data-elementor-post-type=\"page\">\n\t\t\t\t<div class=\"elementor-element elementor-element-36d4d345 e-flex e-con-boxed e-con e-parent\" data-id=\"36d4d345\" data-element_type=\"container\">\n\t\t\t\t\t<div class=\"e-con-inner\">\n\t\t\t\t<div class=\"elementor-element elementor-element-15b71551 elementor-widget elementor-widget-heading\" data-id=\"15b71551\" data-element_type=\"widget\" data-widget_type=\"heading.default\">\n\t\t\t\t<div class=\"elementor-widget-container\">\n\t\t\t\t\t<h2 class=\"elementor-heading-title elementor-size-default\">Maks\u0101jumi<\/h2>\t\t\t\t<\/div>\n\t\t\t\t<\/div>\n\t\t\t\t<div class=\"elementor-element elementor-element-6797f7f0 elementor-widget elementor-widget-text-editor\" data-id=\"6797f7f0\" data-element_type=\"widget\" data-widget_type=\"text-editor.default\">\n\t\t\t\t<div class=\"elementor-widget-container\">\n\t\t\t\t\t\t\t\t\t<p class=\"p1\"><strong>Versija: 30\/05\/2025<\/strong><\/p><p class=\"p2\">Pirms produktu pas\u016bt\u012b\u0161anas r\u016bp\u012bgi izlasiet \u0161o Maks\u0101jumu un atmaksas politiku.<\/p><p><b>MAKS\u0100JUMI<\/b><\/p><p><span data-contrast=\"auto\">Visi <\/span><span class=\"Y2IQFc\" lang=\"en\">Maks\u0101jumi m\u016bsu vietn\u0113 tiek apstr\u0101d\u0101ti dro\u0161i un tiek veikti, izmantojot uzticamus maks\u0101jumu pakalpojumu sniedz\u0113jus.<\/span><\/p><p><span class=\"Y2IQFc\" lang=\"en\">M\u0113s pie\u0146emam maks\u0101jumus ar kred\u012btkart\u0113m, debetkart\u0113m, internetbank\u0101m un citiem pied\u0101v\u0101tajiem maks\u0101jumu veidiem.<\/span><\/p><p><span class=\"Y2IQFc\" lang=\"en\">Pas\u016bt\u012bjums tiek apstiprin\u0101ts tikai p\u0113c tam, kad ir sa\u0146emta visa maks\u0101juma summa.<\/span><\/p><p> <\/p><p><strong>PAS\u016aT\u012aJUMA ATCEL\u0160ANA<\/strong><\/p><p><span class=\"relative -mx-px my-[-0.2rem] rounded px-px py-[0.2rem] transition-colors duration-100 ease-in-out\">Saska\u0146\u0101 ar Latvijas Pat\u0113r\u0113t\u0101ju ties\u012bbu aizsardz\u012bbas likumu jums ir ties\u012bbas atteikties no pirkuma 14 kalend\u0101ro dienu laik\u0101, nenor\u0101dot iemeslu.<\/span> <\/p><p data-start=\"882\" data-end=\"905\">Lai izmantotu \u0161\u012bs ties\u012bbas:<\/p><ul data-start=\"907\" data-end=\"1059\"><li data-start=\"907\" data-end=\"966\"><p data-start=\"909\" data-end=\"966\"><strong data-start=\"909\" data-end=\"925\">Pazi\u0146ojums<\/strong>: <span class=\"relative -mx-px my-[-0.2rem] rounded px-px py-[0.2rem] transition-colors duration-100 ease-in-out\">Pazi\u0146ojums: 14 dienu laik\u0101 p\u0113c pas\u016bt\u012bjuma sa\u0146em\u0161anas inform\u0113jiet m\u016bs par savu l\u0113mumu pa e-pastu [email].<\/span><\/p><\/li><li data-start=\"967\" data-end=\"1059\"><p data-start=\"969\" data-end=\"1059\"><strong data-start=\"969\" data-end=\"979\">Atgrie\u0161an\u0101s<\/strong>: <span class=\"relative -mx-px my-[-0.2rem] rounded px-px py-[0.2rem] transition-colors duration-100 ease-in-out\">Atgrie\u0161ana: Nos\u016btiet preces atpaka\u013c mums 14 dienu laik\u0101 p\u0113c pazi\u0146ojuma par atteikumu.<\/span><\/p><\/li><\/ul><p data-start=\"1061\" data-end=\"1073\">L\u016bdzu, \u0146emiet v\u0113r\u0101:<\/p><ul data-start=\"1075\" data-end=\"1239\"><li data-start=\"1075\" data-end=\"1116\"><p data-start=\"1077\" data-end=\"1116\"><span class=\"relative -mx-px my-[-0.2rem] rounded px-px py-[0.2rem] transition-colors duration-100 ease-in-out\">Atgrieztaj\u0101m prec\u0113m j\u0101b\u016bt neizmantot\u0101m, nesaboj\u0101t\u0101m un ori\u0123in\u0101laj\u0101 iepakojum\u0101.<\/span><\/p><\/li><li data-start=\"1117\" data-end=\"1158\"><p data-start=\"1119\" data-end=\"1158\"><span class=\"relative -mx-px my-[-0.2rem] rounded px-px py-[0.2rem] transition-colors duration-100 ease-in-out\">J\u016bs esat atbild\u012bgs par tie\u0161aj\u0101m izmaks\u0101m, kas saist\u012btas ar pre\u010du atgrie\u0161anu.<\/span><\/p><\/li><li data-start=\"1159\" data-end=\"1239\"><p data-start=\"1161\" data-end=\"1239\"><span class=\"relative -mx-px my-[-0.2rem] rounded px-px py-[0.2rem] transition-colors duration-100 ease-in-out\">M\u0113s paturam ties\u012bbas atteikt atgrie\u0161anu, ja preces nav der\u012bgas atk\u0101rtotai p\u0101rdo\u0161anai.<\/span><\/p><\/li><\/ul><p> <\/p><p><strong>ATGRIE\u017dUMI<\/strong><\/p><p data-start=\"1261\" data-end=\"1379\"><span class=\"relative -mx-px my-[-0.2rem] rounded px-px py-[0.2rem] transition-colors duration-100 ease-in-out\">P\u0113c atgriezt\u0101s preces sa\u0146em\u0161anas un t\u0101s st\u0101vok\u013ca p\u0101rbaudes m\u0113s 14 dienu laik\u0101 atmaks\u0101sim visus no jums sa\u0146emtos maks\u0101jumus.<\/span> <\/p><p data-start=\"1381\" data-end=\"1496\">Atmaksa tiks apstr\u0101d\u0101ta, izmantojot to pa\u0161u maks\u0101jumu metodi, kas izmantota s\u0101kotn\u0113j\u0101 dar\u012bjum\u0101, ja vien nav pan\u0101kta cita vieno\u0161an\u0101s.<\/p><p class=\"p8\"> <\/p><p><strong>ATTEIKUMA TIES\u012aBU IZ\u0145\u0112MUMI<\/strong><\/p><p data-start=\"1548\" data-end=\"1590\">Atteikuma ties\u012bbas neattiecas uz:<\/p><ul data-start=\"1592\" data-end=\"1714\"><li data-start=\"1592\" data-end=\"1633\"><p data-start=\"1594\" data-end=\"1633\"><span class=\"relative -mx-px my-[-0.2rem] rounded px-px py-[0.2rem] transition-colors duration-100 ease-in-out\">Preces, kas izgatavotas p\u0113c pat\u0113r\u0113t\u0101ja specifik\u0101cij\u0101m vai skaidri personaliz\u0113tas.<\/span><\/p><\/li><li data-start=\"1634\" data-end=\"1714\"><p data-start=\"1636\" data-end=\"1714\"><span class=\"relative -mx-px my-[-0.2rem] rounded px-px py-[0.2rem] transition-colors duration-100 ease-in-out\">Aizz\u012bmogotas preces, kuras nav piem\u0113rotas atgrie\u0161anai vesel\u012bbas aizsardz\u012bbas vai higi\u0113nas apsv\u0113rumu d\u0113\u013c un kuras p\u0113c pieg\u0101des tika atplomb\u0113tas.<\/span><\/p><\/li><\/ul><p> <\/p><p><strong>KONTAKTINFORM\u0100CIJA<\/strong><\/p><p class=\"p8\">Ja rodas jaut\u0101jumi vai ba\u017eas par maks\u0101jumiem, atcel\u0161anu vai atgrie\u0161anu, l\u016bdzu, sazinieties ar mums pa e-pastu [email].  <\/p><p> <\/p>\t\t\t\t\t\t\t\t<\/div>\n\t\t\t\t<\/div>\n\t\t\t\t\t<\/div>\n\t\t\t\t<\/div>\n\t\t\t\t<\/div>\n\t\t","protected":false},"excerpt":{"rendered":"<p>Maks\u0101jumi Versija: 30\/05\/2025 Pirms produktu pas\u016bt\u012b\u0161anas r\u016bp\u012bgi izlasiet \u0161o Maks\u0101jumu un atmaksas politiku. MAKS\u0100JUMI Visi Maks\u0101jumi m\u016bsu vietn\u0113 tiek apstr\u0101d\u0101ti dro\u0161i un tiek veikti, izmantojot uzticamus maks\u0101jumu pakalpojumu sniedz\u0113jus. M\u0113s pie\u0146emam maks\u0101jumus ar kred\u012btkart\u0113m, debetkart\u0113m, internetbank\u0101m un citiem pied\u0101v\u0101tajiem maks\u0101jumu veidiem. Pas\u016bt\u012bjums tiek apstiprin\u0101ts tikai p\u0113c tam, kad ir sa\u0146emta visa maks\u0101juma summa. PAS\u016aT\u012aJUMA ATCEL\u0160ANA [&hellip;]<\/p>\n","protected":false},"author":2,"featured_media":0,"parent":0,"menu_order":0,"comment_status":"closed","ping_status":"closed","template":"","meta":{"footnotes":""},"class_list":["post-701","page","type-page","status-publish","hentry"],"_links":{"self":[{"href":"https:\/\/zilbermane.r-s.space\/lv\/wp-json\/wp\/v2\/pages\/701","targetHints":{"allow":["GET"]}}],"collection":[{"href":"https:\/\/zilbermane.r-s.space\/lv\/wp-json\/wp\/v2\/pages"}],"about":[{"href":"https:\/\/zilbermane.r-s.space\/lv\/wp-json\/wp\/v2\/types\/page"}],"author":[{"embeddable":true,"href":"https:\/\/zilbermane.r-s.space\/lv\/wp-json\/wp\/v2\/users\/2"}],"replies":[{"embeddable":true,"href":"https:\/\/zilbermane.r-s.space\/lv\/wp-json\/wp\/v2\/comments?post=701"}],"version-history":[{"count":1,"href":"https:\/\/zilbermane.r-s.space\/lv\/wp-json\/wp\/v2\/pages\/701\/revisions"}],"predecessor-version":[{"id":704,"href":"https:\/\/zilbermane.r-s.space\/lv\/wp-json\/wp\/v2\/pages\/701\/revisions\/704"}],"wp:attachment":[{"href":"https:\/\/zilbermane.r-s.space\/lv\/wp-json\/wp\/v2\/media?parent=701"}],"curies":[{"name":"wp","href":"https:\/\/api.w.org\/{rel}","templated":true}]}}