{"id":724,"date":"2025-02-07T10:34:51","date_gmt":"2025-02-07T10:34:51","guid":{"rendered":"https:\/\/zilbermane.r-s.space\/konfidencialitates-politika\/"},"modified":"2025-07-08T10:00:17","modified_gmt":"2025-07-08T10:00:17","slug":"konfidencialitates-politika","status":"publish","type":"page","link":"https:\/\/zilbermane.r-s.space\/lv\/konfidencialitates-politika\/","title":{"rendered":"Konfidencialit\u0101tes politika"},"content":{"rendered":"\t\t<div data-elementor-type=\"wp-page\" data-elementor-id=\"724\" class=\"elementor elementor-724 elementor-58\" data-elementor-post-type=\"page\">\n\t\t\t\t<div class=\"elementor-element elementor-element-5db70b76 e-flex e-con-boxed e-con e-parent\" data-id=\"5db70b76\" data-element_type=\"container\">\n\t\t\t\t\t<div class=\"e-con-inner\">\n\t\t\t\t<div class=\"elementor-element elementor-element-36fcb9cf elementor-widget elementor-widget-heading\" data-id=\"36fcb9cf\" data-element_type=\"widget\" data-widget_type=\"heading.default\">\n\t\t\t\t<div class=\"elementor-widget-container\">\n\t\t\t\t\t<h2 class=\"elementor-heading-title elementor-size-default\">Konfidencialit\u0101tes politika<\/h2>\t\t\t\t<\/div>\n\t\t\t\t<\/div>\n\t\t\t\t<div class=\"elementor-element elementor-element-57a45d7e elementor-widget elementor-widget-text-editor\" data-id=\"57a45d7e\" data-element_type=\"widget\" data-widget_type=\"text-editor.default\">\n\t\t\t\t<div class=\"elementor-widget-container\">\n\t\t\t\t\t\t\t\t\t<p class=\"p1\"><strong>Versija: 29\/05\/2025<\/strong><\/p><p class=\"p2\">Pirms produktu pas\u016bt\u012b\u0161anas r\u016bp\u012bgi izlasiet \u0161o Pieg\u0101des un atmaksas politiku.<\/p><p><b><span data-contrast=\"auto\">PIEG\u0100DE<\/span><\/b><span data-ccp-props=\"{\"201341983\":0,\"335551550\":6,\"335551620\":6,\"335559731\":720,\"335559739\":160,\"335559740\":259}\"> <\/span><\/p><p><span data-contrast=\"auto\">Pre\u010du pieg\u0101des veidi Pirc\u0113jam tiek nor\u0101d\u012bti p\u0113c tam, kad Pirc\u0113js interneta veikal\u0101 ir izveidojis pre\u010du grozu un nor\u0101d\u012bjis pieg\u0101des adresi.<\/span><span data-ccp-props=\"{\"201341983\":0,\"335551550\":6,\"335551620\":6,\"335559739\":160,\"335559740\":259}\"> <\/span><\/p><p><span data-contrast=\"auto\">Pre\u010du pieg\u0101des pakalpojums tiek apr\u0113\u0137in\u0101ts atkar\u012bb\u0101 no re\u0123iona.<\/span><span data-ccp-props=\"{\"201341983\":0,\"335551550\":6,\"335551620\":6,\"335559739\":160,\"335559740\":259}\"> <\/span><\/p><p><span data-contrast=\"auto\">Pirc\u0113js tiks inform\u0113ts par pre\u010du pieg\u0101des datumu un laiku pa e-pastu un\/vai pa t\u0101lruni. P\u0101rdev\u0113js negarant\u0113, ka preces visos gad\u012bjumos tiks pieg\u0101d\u0101tas Noteikumos un\/vai citur interneta veikal\u0101 nor\u0101d\u012btaj\u0101 laik\u0101, ar\u012b Pirc\u0113jam individu\u0101li nor\u0101d\u012btajos pre\u010du pieg\u0101des termi\u0146os, \u012bpa\u0161i, ja pas\u016bt\u012bt\u0101s preces neatrodas P\u0101rdev\u0113ja noliktav\u0101s. P\u0101rdev\u0113js ap\u0146emas pielikt visas p\u016bles, lai pieg\u0101d\u0101tu preces p\u0113c iesp\u0113jas \u0101tr\u0101k.  <\/span> <span data-contrast=\"auto\">Pirms pre\u010du pieg\u0101des P\u0101rdev\u0113ja p\u0101rst\u0101vis var sazin\u0101ties ar Pirc\u0113ju un saska\u0146ot pieg\u0101des deta\u013cas.<\/span> <span data-contrast=\"auto\">Pas\u016btot pieg\u0101des pakalpojumu, Pirc\u0113jam ir pien\u0101kums nor\u0101d\u012bt prec\u012bzu pieg\u0101des vietu.<\/span><span data-ccp-props=\"{\"201341983\":0,\"335551550\":6,\"335551620\":6,\"335559739\":160,\"335559740\":259}\"> <\/span><\/p><p><span data-contrast=\"auto\">Pirc\u0113jam p\u0113c pieg\u0101des ir j\u0101p\u0101rbauda pre\u010du kvalit\u0101te, daudzums un sortiments. Ja iepakojums ir boj\u0101ts, bet nav neatbilst\u012bbas pre\u010du daudzum\u0101, kvalit\u0101t\u0113 un sortiment\u0101, Pirc\u0113jam ir pien\u0101kums pre\u010du pieg\u0101des dokumentos vai pieg\u0101des p\u0101rst\u0101vju nodro\u0161in\u0101taj\u0101s veidlap\u0101s izdar\u012bt atz\u012bmi par boj\u0101to iepakojumu. \u0160\u0101d\u0101 gad\u012bjum\u0101 tiek uzskat\u012bts, ka preces pieg\u0101d\u0101tas boj\u0101t\u0101 iepakojum\u0101, tom\u0113r pre\u010du daudzums, kvalit\u0101te, sortiments atbilst pirkuma-p\u0101rdevuma l\u012bguma noteikumiem un pre\u010du pieg\u0101de veikta pien\u0101c\u012bgi.  <\/span><span data-ccp-props=\"{\"201341983\":0,\"335551550\":6,\"335551620\":6,\"335559739\":160,\"335559740\":259}\"> <\/span><\/p><p><span data-contrast=\"auto\">Ja tiek konstat\u0113ta pre\u010du kvalit\u0101tes un\/vai sortimenta neatbilst\u012bba, Pirc\u0113jam nav ties\u012bbu pie\u0146emt preces, kas neatbilst kvalit\u0101tei vai sortimentam. Pirc\u0113jam ir j\u0101izsaka atteikums pie\u0146emt preces un j\u0101nor\u0101da konstat\u0113t\u0101s neatbilst\u012bbas, atteikums tiek izteikts pre\u010du pieg\u0101des apstiprin\u0101juma veidlap\u0101 un\/vai pieg\u0101des darbinieka iesniegtaj\u0101 veidlap\u0101. Pre\u010du daudzuma neatbilst\u012bbas gad\u012bjum\u0101 Pirc\u0113jam ir j\u0101nor\u0101da konstat\u0113t\u0101s neatbilst\u012bbas, aizpildot pre\u010du pieg\u0101des apstiprin\u0101juma veidlapu un\/vai pieg\u0101des darbinieka sniegto veidlapu.  <\/span><span data-ccp-props=\"{\"201341983\":0,\"335551550\":6,\"335551620\":6,\"335559739\":160,\"335559740\":259}\"> <\/span><\/p><p><span data-contrast=\"auto\">Ja Pirc\u0113js ir pie\u0146\u0113mis preces bez jebk\u0101d\u0101m piez\u012bm\u0113m, pas\u016bt\u012bjums tiek uzskat\u012bts par pieg\u0101d\u0101tu: neskart\u0101 iepakojum\u0101, nepiecie\u0161amaj\u0101 daudzum\u0101, atbilsto\u0161\u0101 kvalit\u0101t\u0113 un sortiment\u0101, t.i., sa\u0146emtais pas\u016bt\u012bjums atbilst Pirkuma-p\u0101rdo\u0161anas l\u012bguma noteikumiem, un ar pre\u010du p\u0101rdo\u0161anu un pieg\u0101di saist\u012btie papildu pakalpojumi ir pien\u0101c\u012bgi sniegti.<\/span><span data-ccp-props=\"{\"201341983\":0,\"335551550\":6,\"335551620\":6,\"335559739\":160,\"335559740\":259}\"> <\/span><\/p><p><span data-contrast=\"auto\">Pre\u010du pieg\u0101de uz Pirc\u0113ja nor\u0101d\u012bto adresi noz\u012bm\u0113, ka preces ir nodotas Pirc\u0113jam neatkar\u012bgi no t\u0101, vai Pirc\u0113js vai k\u0101da cita persona, kas ir pie\u0146\u0113musi preces nor\u0101d\u012btaj\u0101 adres\u0113, faktiski pie\u0146em preces. Gad\u012bjum\u0101, ja Pirc\u0113js nevar pie\u0146emt preces person\u012bgi un preces tiek pieg\u0101d\u0101tas uz nor\u0101d\u012bto adresi, Pirc\u0113jam nav ties\u012bbu izvirz\u012bt pretenzijas P\u0101rdev\u0113jam par pre\u010du pieg\u0101di nepiem\u0113rotai personai. Ja pre\u010du pieg\u0101de netiek veikta paredz\u0113taj\u0101 dien\u0101, Pirc\u0113js nekav\u0113joties, bet ne v\u0113l\u0101k k\u0101 n\u0101kamaj\u0101 dien\u0101 p\u0113c paredz\u0113t\u0101s pieg\u0101des, par to inform\u0113 P\u0101rdev\u0113ju.  <\/span><span data-ccp-props=\"{\"201341983\":0,\"335551550\":6,\"335551620\":6,\"335559739\":160,\"335559740\":259}\"> <\/span><\/p><p><span data-contrast=\"auto\">Pret\u0113j\u0101 gad\u012bjum\u0101 Pirc\u0113js zaud\u0113 ties\u012bbas celt pretenzijas P\u0101rdev\u0113jam saist\u012bb\u0101 ar pre\u010du pieg\u0101des kav\u0113jumu un\/vai nepieg\u0101d\u0101\u0161anu.<\/span><span data-ccp-props=\"{\"201341983\":0,\"335551550\":6,\"335551620\":6,\"335559739\":160,\"335559740\":259}\"> <\/span><\/p><p><span data-contrast=\"auto\">Pre\u010du aprakst\u0101 nor\u0101d\u012btie pieg\u0101des nosac\u012bjumi ir provizoriski. Pre\u010du pieg\u0101des termi\u0146i netiek piem\u0113roti gad\u012bjumos, kad nepiecie\u0161am\u0101s preces nav pieejamas P\u0101rdev\u0113ja noliktav\u0101 un Pirc\u0113js tiek inform\u0113ts par pas\u016bt\u012bto pre\u010du tr\u016bkumu. Apstiprinot \u0161os noteikumus, Pirc\u0113js piekr\u012bt, ka iz\u0146\u0113muma gad\u012bjumos pre\u010du pieg\u0101de var aizkav\u0113ties neparedz\u0113tu, no P\u0101rdev\u0113ja neatkar\u012bgu apst\u0101k\u013cu d\u0113\u013c.  <\/span><span data-ccp-props=\"{\"201341983\":0,\"335551550\":6,\"335551620\":6,\"335559739\":160,\"335559740\":259}\"> <\/span><\/p><p><span data-contrast=\"auto\">\u0160\u0101d\u0101 gad\u012bjum\u0101 P\u0101rdev\u0113js ap\u0146emas nekav\u0113joties sazin\u0101ties ar Pirc\u0113ju un vienoties par pre\u010du pieg\u0101des laiku un citiem nosac\u012bjumiem. Ja P\u0101rdev\u0113js nepieg\u0101d\u0101 preces pre\u010du pas\u016bt\u012bjum\u0101 nor\u0101d\u012btaj\u0101 termi\u0146\u0101 un Puses nevienojas par papildu termi\u0146u pre\u010du pieg\u0101dei, Pirc\u0113js var izmantot ties\u012bbas atk\u0101pties no interneta veikal\u0101 nosl\u0113gt\u0101 pirkuma-p\u0101rdo\u0161anas l\u012bguma. <\/span><span data-ccp-props=\"{\"201341983\":0,\"335551550\":6,\"335551620\":6,\"335559739\":160,\"335559740\":259}\"> <\/span><\/p><p><strong>PRE\u010cU ATGRIE\u0160ANA<\/strong><\/p><p>Pirms preces atgrie\u0161anas Pirc\u0113jam ir pien\u0101kums sazin\u0101ties ar P\u0101rdev\u0113ju pa e-pastu. <a href=\"https:\/\/nutriboostersonline.com\/cdn-cgi\/l\/email-protection#cfa6a1a9a08fa1babbbda6adaea3aea1acaafcf9ffe1a0bda8\"><span class=\"__cf_email__\" data-cfemail=\"533a3d353c133d2627213a31323f323d30366065637d3c2134\">[email protected]<\/span><\/a> lai vienotos par atgrie\u0161anas veidu un prec\u012bzu adresi.<\/p><p>Nauda tiks atgriezta bankas kont\u0101, no kura tika veikts pirkums. Ja maks\u0101jums par preci tika veikts ar maks\u0101jumu karti, nauda tiks atgriezta uz to pa\u0161u karti, ar kuru tika veikts maks\u0101jums. <\/p><p>P\u0101rdev\u0113js nav atbild\u012bgs par atmaksas politikas p\u0101rk\u0101pumiem, ja tas noticis Pirc\u0113ja vainas d\u0113\u013c: pre\u010du atgrie\u0161anas aizkav\u0113\u0161an\u0101s, nepareizi nor\u0101d\u012bti dati u.c.<\/p><p>Jebkura veida pre\u010du atgrie\u0161anas gad\u012bjum\u0101 P\u0101rdev\u0113js neatl\u012bdzina Pirc\u0113ja papildu izdevumus, ja Pirc\u0113js nav izv\u0113l\u0113jies l\u0113t\u0101ko un \u0113rt\u0101ko P\u0101rdev\u0113ja pied\u0101v\u0101to pieg\u0101des veidu.<\/p><p>Pirc\u0113jam, atgrie\u017eot preces, ir j\u0101iev\u0113ro \u0161\u0101di nosac\u012bjumi:<\/p><ul><li>atgrie\u017eot preci, tai j\u0101b\u016bt ori\u0123in\u0101laj\u0101 iepakojum\u0101;<\/li><li>Pirc\u0113js nedr\u012bkst saboj\u0101t preces;<\/li><li>produkts nedr\u012bkst b\u016bt lietots, produktam j\u0101b\u016bt noform\u0113tam (ar eti\u0137et\u0113m un aizsargpl\u0113vi utt.). \u0160is punkts neattiecas uz boj\u0101tu pre\u010du atgrie\u0161anu; <\/li><li>atgrieztaj\u0101m prec\u0113m j\u0101b\u016bt t\u0101das pa\u0161as konfigur\u0101cijas, k\u0101 t\u0101s sa\u0146\u0113mis Pirc\u0113js;<\/li><li>p\u0113c P\u0101rdev\u0113ja piepras\u012bjuma, atgrie\u017eot preci, ir j\u0101iesniedz PVN r\u0113\u0137ins, kas apliecina t\u0101s ieg\u0101di.<\/li><\/ul><p>P\u0101rdev\u0113jam ir ties\u012bbas atteikt pre\u010du un samaks\u0101t\u0101s summas atmaksu, ja atgriezt\u0101s preces ir nepiln\u012bgas, boj\u0101tas, ar defektiem un\/vai nepareizi iepakotas.<\/p><p><strong>\u0160\u012aS PIEG\u0100DES UN KOMPENS\u0100CIJAS POLITIKAS ATJAUNIN\u0100JUMI<\/strong><\/p><p class=\"p8\">M\u0113s laiku pa laikam varam atjaunin\u0101t \u0161o Pieg\u0101des un atmaksas politiku, un M\u0113s J\u016bs inform\u0113sim par jebk\u0101d\u0101m b\u016btisk\u0101m izmai\u0146\u0101m, ievietojot jauno Pieg\u0101des un atmaksas politiku \u0161aj\u0101 lap\u0101. Pieg\u0101des un atmaksas politikas aug\u0161pus\u0113 nor\u0101d\u012btais datums tiks atjaunin\u0101ts, lai atspogu\u013cotu jaun\u0101ko izmai\u0146u datumu. <\/p><p class=\"p8\">M\u0113s aicin\u0101m J\u016bs periodiski p\u0101rskat\u012bt \u0161o Pieg\u0101des un atmaksas politiku, lai b\u016btu inform\u0113ts par to, k\u0101 m\u0113s aizsarg\u0101jam no Jums ieg\u016btos personas datus. Jaun\u0101k\u0101 politikas versija vienm\u0113r b\u016bs pieejama \u0161aj\u0101 lap\u0101. <\/p><p><strong>SAZINIETIES AR MUMS<\/strong><\/p><p class=\"p8\">Ja jums ir k\u0101di jaut\u0101jumi vai ba\u017eas par \u0161o Pieg\u0101des un atmaksas politiku vai ja v\u0113laties iesniegt s\u016bdz\u012bbu, varat sazin\u0101ties ar mums, rakstot uz \u0161\u0101du e-pasta adresi.  <a href=\"https:\/\/nutriboostersonline.com\/cdn-cgi\/l\/email-protection#5b32353d341b352e2f2932393434282f3e292834353732353e75383436\"><span class=\"__cf_email__\" data-cfemail=\"fb92959d94bb958e8f8992999494888f9e898894959792959ed5989496\">[email protected]<\/span><\/a>. M\u0113s atbild\u0113sim uz j\u016bsu jaut\u0101jumiem p\u0113c iesp\u0113jas \u0101tr\u0101k un dar\u012bsim visu iesp\u0113jamo, lai risin\u0101tu j\u016bsu probl\u0113mas un atrisin\u0101tu visus iesp\u0113jamos jaut\u0101jumus.<\/p><p><strong>M\u016aSU SAZI\u0145A<\/strong><\/p><p class=\"p8\">Ja mums ir j\u016bsu kontaktinform\u0101cija, m\u0113s laiku pa laikam varam nos\u016bt\u012bt jums svar\u012bgus pazi\u0146ojumus pa e-pastu. \u0160ie pazi\u0146ojumi attieksies uz \u0161\u0101diem jaut\u0101jumiem, tostarp, bet ne tikai: a) m\u016bsu pakalpojumu un\/vai produktu izmai\u0146\u0101m; b) izmai\u0146\u0101m \u0161aj\u0101 Pieg\u0101des un atmaksas politik\u0101; c) izmai\u0146\u0101m j\u016bsu kont\u0101. Bez j\u016bsu piekri\u0161anas m\u0113s nekad nes\u016bt\u012bsim jums jebk\u0101da veida m\u0101rketinga e-pasta v\u0113stules. Ja piekrit\u012bsiet, j\u016bs jebkur\u0101 laik\u0101 varat atteikties.      <\/p><p><strong>TIES\u012aBAS UN JURISDIKCIJA<\/strong><\/p><p class=\"p8\"><span class=\"s1\">\u0160o<\/span>Pieg\u0101des un atmaksas politiku, k\u0101 ar\u012b attiec\u012bbas starp jums un mums reglament\u0113 un interpret\u0113 saska\u0146\u0101 ar Latvijas ties\u012bbu aktiem.<\/p><p class=\"p15\">Ja esat pat\u0113r\u0113t\u0101js, jebkur\u0161 str\u012bds, domstarp\u012bbas, tiesved\u012bba vai pras\u012bba starp jums un mums saist\u012bb\u0101 ar \u0161o Pieg\u0101des un atmaksas politiku vai attiec\u012bb\u0101m starp jums un mums (neatkar\u012bgi no t\u0101, vai t\u0101s ir l\u012bgumiskas vai cit\u0101das) ir pak\u013cautas Latvijas tiesu jurisdikcijai.<\/p>\t\t\t\t\t\t\t\t<\/div>\n\t\t\t\t<\/div>\n\t\t\t\t\t<\/div>\n\t\t\t\t<\/div>\n\t\t\t\t<\/div>\n\t\t","protected":false},"excerpt":{"rendered":"<p>Konfidencialit\u0101tes politika Versija: 29\/05\/2025 Pirms produktu pas\u016bt\u012b\u0161anas r\u016bp\u012bgi izlasiet \u0161o Pieg\u0101des un atmaksas politiku. PIEG\u0100DE Pre\u010du pieg\u0101des veidi Pirc\u0113jam tiek nor\u0101d\u012bti p\u0113c tam, kad Pirc\u0113js interneta veikal\u0101 ir izveidojis pre\u010du grozu un nor\u0101d\u012bjis pieg\u0101des adresi. Pre\u010du pieg\u0101des pakalpojums tiek apr\u0113\u0137in\u0101ts atkar\u012bb\u0101 no re\u0123iona. Pirc\u0113js tiks inform\u0113ts par pre\u010du pieg\u0101des datumu un laiku pa e-pastu un\/vai [&hellip;]<\/p>\n","protected":false},"author":2,"featured_media":0,"parent":0,"menu_order":0,"comment_status":"closed","ping_status":"closed","template":"","meta":{"footnotes":""},"class_list":["post-724","page","type-page","status-publish","hentry"],"_links":{"self":[{"href":"https:\/\/zilbermane.r-s.space\/lv\/wp-json\/wp\/v2\/pages\/724","targetHints":{"allow":["GET"]}}],"collection":[{"href":"https:\/\/zilbermane.r-s.space\/lv\/wp-json\/wp\/v2\/pages"}],"about":[{"href":"https:\/\/zilbermane.r-s.space\/lv\/wp-json\/wp\/v2\/types\/page"}],"author":[{"embeddable":true,"href":"https:\/\/zilbermane.r-s.space\/lv\/wp-json\/wp\/v2\/users\/2"}],"replies":[{"embeddable":true,"href":"https:\/\/zilbermane.r-s.space\/lv\/wp-json\/wp\/v2\/comments?post=724"}],"version-history":[{"count":1,"href":"https:\/\/zilbermane.r-s.space\/lv\/wp-json\/wp\/v2\/pages\/724\/revisions"}],"predecessor-version":[{"id":725,"href":"https:\/\/zilbermane.r-s.space\/lv\/wp-json\/wp\/v2\/pages\/724\/revisions\/725"}],"wp:attachment":[{"href":"https:\/\/zilbermane.r-s.space\/lv\/wp-json\/wp\/v2\/media?parent=724"}],"curies":[{"name":"wp","href":"https:\/\/api.w.org\/{rel}","templated":true}]}}