{"id":1019,"date":"2025-07-07T08:10:16","date_gmt":"2025-07-07T08:10:16","guid":{"rendered":"https:\/\/zilbermane.r-s.space\/?post_type=product&#038;p=1019"},"modified":"2025-07-07T08:12:24","modified_gmt":"2025-07-07T08:12:24","slug":"divdaligs-kokvilnas-virsjakas-un-biksu-komplekts-copy-3","status":"publish","type":"product","link":"https:\/\/zilbermane.r-s.space\/lv\/product\/divdaligs-kokvilnas-virsjakas-un-biksu-komplekts-copy-3\/","title":{"rendered":"Divda\u013c\u012bgs kokvilnas bomberu un bik\u0161u komplekts"},"content":{"rendered":"<p>Divda\u013c\u012bgs komplekts ar bomberi un biks\u0113m no m\u012bksta kokvilnas auduma.<strong><br \/>\n<\/strong>Bomberam ir moderna st\u0101vveida apkakle, aizdare ar spiedpogu un ietilp\u012bgas priek\u0161\u0113j\u0101s kabatas. Nolaistie pleci un elast\u012bg\u0101s aproces un apak\u0161mala papildina ikdieni\u0161\u0137u, m\u016bsdien\u012bgu izskatu.<\/p>\n<p>Saska\u0146ot\u0101s bikses ir br\u012bva piegriezuma, kas viegli sa\u0161aurin\u0101s uz gurniem un aug\u0161stilbiem, bet virzien\u0101 uz pot\u012bt\u0113m ir viegli sa\u0161aurin\u0101tas. Izstr\u0101d\u0101tas ar elast\u012bgu jostasvietu, kas nodro\u0161ina komfortu visas dienas garum\u0101, un t\u0101m ir funkcion\u0101las s\u0101nu kabatas.<\/p>\n","protected":false},"excerpt":{"rendered":"<p>Divda\u013c\u012bgs komplekts ar bomberi un biks\u0113m no m\u012bksta kokvilnas auduma. Bomberam ir moderna st\u0101vveida apkakle, aizdare ar spiedpogu un ietilp\u012bgas priek\u0161\u0113j\u0101s kabatas. Nolaistie pleci un elast\u012bg\u0101s aproces un apak\u0161mala papildina ikdieni\u0161\u0137u, m\u016bsdien\u012bgu izskatu. Saska\u0146ot\u0101s bikses ir br\u012bva piegriezuma, kas viegli sa\u0161aurin\u0101s uz gurniem un aug\u0161stilbiem, bet virzien\u0101 uz pot\u012bt\u0113m ir viegli sa\u0161aurin\u0101tas. Izstr\u0101d\u0101tas ar elast\u012bgu [&hellip;]<\/p>\n","protected":false},"featured_media":1039,"comment_status":"open","ping_status":"closed","template":"","meta":[],"product_brand":[],"product_cat":[81],"product_tag":[],"class_list":{"0":"post-1019","1":"product","2":"type-product","3":"status-publish","4":"has-post-thumbnail","6":"product_cat-viriesu","8":"first","9":"instock","10":"shipping-taxable","11":"purchasable","12":"product-type-variable"},"_links":{"self":[{"href":"https:\/\/zilbermane.r-s.space\/lv\/wp-json\/wp\/v2\/product\/1019","targetHints":{"allow":["GET"]}}],"collection":[{"href":"https:\/\/zilbermane.r-s.space\/lv\/wp-json\/wp\/v2\/product"}],"about":[{"href":"https:\/\/zilbermane.r-s.space\/lv\/wp-json\/wp\/v2\/types\/product"}],"replies":[{"embeddable":true,"href":"https:\/\/zilbermane.r-s.space\/lv\/wp-json\/wp\/v2\/comments?post=1019"}],"wp:featuredmedia":[{"embeddable":true,"href":"https:\/\/zilbermane.r-s.space\/lv\/wp-json\/wp\/v2\/media\/1039"}],"wp:attachment":[{"href":"https:\/\/zilbermane.r-s.space\/lv\/wp-json\/wp\/v2\/media?parent=1019"}],"wp:term":[{"taxonomy":"product_brand","embeddable":true,"href":"https:\/\/zilbermane.r-s.space\/lv\/wp-json\/wp\/v2\/product_brand?post=1019"},{"taxonomy":"product_cat","embeddable":true,"href":"https:\/\/zilbermane.r-s.space\/lv\/wp-json\/wp\/v2\/product_cat?post=1019"},{"taxonomy":"product_tag","embeddable":true,"href":"https:\/\/zilbermane.r-s.space\/lv\/wp-json\/wp\/v2\/product_tag?post=1019"}],"curies":[{"name":"wp","href":"https:\/\/api.w.org\/{rel}","templated":true}]}}