{"id":1122,"date":"2025-07-10T10:10:59","date_gmt":"2025-07-10T10:10:59","guid":{"rendered":"https:\/\/zilbermane.r-s.space\/?post_type=product&#038;p=1122"},"modified":"2025-07-10T10:16:33","modified_gmt":"2025-07-10T10:16:33","slug":"divdaligs-kokvilnas-virsjakas-un-biksu-komplekts-copy-6","status":"publish","type":"product","link":"https:\/\/zilbermane.r-s.space\/lv\/product\/divdaligs-kokvilnas-virsjakas-un-biksu-komplekts-copy-6\/","title":{"rendered":"Divda\u013c\u012bgs kokvilnas virsjakas un bik\u0161u komplekts"},"content":{"rendered":"<p>Burgundijas kokvilnas komplekts ir lieliska izv\u0113le jebkurai sezonai. T\u0101 elpojam\u012bba, komforts un vieglums padara to ide\u0101li piem\u0113rotu gan siltam, gan v\u0113sam laikam. <\/p>\n<p>Oversize krekls, kas izgatavots no m\u012bksta un kompakta elast\u012bga kokvilnas trikot\u0101\u017eas auduma.Izstr\u0101d\u0101ts ar atloka apkakles apkakli un gar\u0101m piedurkn\u0113m, kas apdarin\u0101tas ar plecu aproc\u0113m ar ekskluz\u012bvu ikat rakstu un iz\u0161\u016btu logotipu uz muguras. Aizdares aizdare ar pog\u0101m. <\/p>\n<p>Plat\u0101s bikses \u0113rti piegulo\u0161as gurniem un aug\u0161stilbiem. Elast\u012bga josta \u0113rtai valk\u0101\u0161anai, ko papildina diagon\u0101las priek\u0161\u0113j\u0101s kabatas. <\/p>\n","protected":false},"excerpt":{"rendered":"<p>Burgundijas kokvilnas komplekts ir lieliska izv\u0113le jebkurai sezonai. T\u0101 elpojam\u012bba, komforts un vieglums padara to ide\u0101li piem\u0113rotu gan siltam, gan v\u0113sam laikam. Oversize krekls, kas izgatavots no m\u012bksta un kompakta elast\u012bga kokvilnas trikot\u0101\u017eas auduma.Izstr\u0101d\u0101ts ar atloka apkakles apkakli un gar\u0101m piedurkn\u0113m, kas apdarin\u0101tas ar plecu aproc\u0113m ar ekskluz\u012bvu ikat rakstu un iz\u0161\u016btu logotipu uz muguras. [&hellip;]<\/p>\n","protected":false},"featured_media":1132,"comment_status":"open","ping_status":"closed","template":"","meta":[],"product_brand":[],"product_cat":[103],"product_tag":[],"class_list":{"0":"post-1122","1":"product","2":"type-product","3":"status-publish","4":"has-post-thumbnail","6":"product_cat-pamati","8":"first","9":"instock","10":"shipping-taxable","11":"purchasable","12":"product-type-variable"},"_links":{"self":[{"href":"https:\/\/zilbermane.r-s.space\/lv\/wp-json\/wp\/v2\/product\/1122","targetHints":{"allow":["GET"]}}],"collection":[{"href":"https:\/\/zilbermane.r-s.space\/lv\/wp-json\/wp\/v2\/product"}],"about":[{"href":"https:\/\/zilbermane.r-s.space\/lv\/wp-json\/wp\/v2\/types\/product"}],"replies":[{"embeddable":true,"href":"https:\/\/zilbermane.r-s.space\/lv\/wp-json\/wp\/v2\/comments?post=1122"}],"wp:featuredmedia":[{"embeddable":true,"href":"https:\/\/zilbermane.r-s.space\/lv\/wp-json\/wp\/v2\/media\/1132"}],"wp:attachment":[{"href":"https:\/\/zilbermane.r-s.space\/lv\/wp-json\/wp\/v2\/media?parent=1122"}],"wp:term":[{"taxonomy":"product_brand","embeddable":true,"href":"https:\/\/zilbermane.r-s.space\/lv\/wp-json\/wp\/v2\/product_brand?post=1122"},{"taxonomy":"product_cat","embeddable":true,"href":"https:\/\/zilbermane.r-s.space\/lv\/wp-json\/wp\/v2\/product_cat?post=1122"},{"taxonomy":"product_tag","embeddable":true,"href":"https:\/\/zilbermane.r-s.space\/lv\/wp-json\/wp\/v2\/product_tag?post=1122"}],"curies":[{"name":"wp","href":"https:\/\/api.w.org\/{rel}","templated":true}]}}