{"id":1146,"date":"2025-07-10T10:16:59","date_gmt":"2025-07-10T10:16:59","guid":{"rendered":"https:\/\/zilbermane.r-s.space\/?post_type=product&#038;p=1146"},"modified":"2025-07-10T10:22:44","modified_gmt":"2025-07-10T10:22:44","slug":"viskozes-2-dalijumu-kombinezons-un-bikses-copy","status":"publish","type":"product","link":"https:\/\/zilbermane.r-s.space\/lv\/product\/viskozes-2-dalijumu-kombinezons-un-bikses-copy\/","title":{"rendered":"Viskozes 2-dal\u012bjumu kombinezons un bikses"},"content":{"rendered":"<p>Izmantojiet savu garderobi p\u0113c iesp\u0113jas lab\u0101k, invest\u0113jiet l\u012bdzek\u013cus univers\u0101los pamata ap\u0123\u0113rbos, kurus var uzvilkt vai uzvilkt.<\/p>\n<p>Oversize krekls, kas izgatavots no 100% viskozes dzijas. Tam ir atloka apkakle un garas piedurknes ar atlok\u0101mu plecu aproci. Aizmugur\u0113 ir izliekumi. Aizdares aizdare ar pog\u0101m.   <\/p>\n<p>Plat\u0101s bikses \u0113rti piegulo\u0161as gurniem un aug\u0161stilbiem. Elast\u012bga josta \u0113rtai valk\u0101\u0161anai, ko papildina diagon\u0101las priek\u0161\u0113j\u0101s kabatas. <\/p>\n","protected":false},"excerpt":{"rendered":"<p>Izmantojiet savu garderobi p\u0113c iesp\u0113jas lab\u0101k, invest\u0113jiet l\u012bdzek\u013cus univers\u0101los pamata ap\u0123\u0113rbos, kurus var uzvilkt vai uzvilkt. Oversize krekls, kas izgatavots no 100% viskozes dzijas. Tam ir atloka apkakle un garas piedurknes ar atlok\u0101mu plecu aproci. Aizmugur\u0113 ir izliekumi. Aizdares aizdare ar pog\u0101m. Plat\u0101s bikses \u0113rti piegulo\u0161as gurniem un aug\u0161stilbiem. Elast\u012bga josta \u0113rtai valk\u0101\u0161anai, ko papildina [&hellip;]<\/p>\n","protected":false},"featured_media":1156,"comment_status":"open","ping_status":"closed","template":"","meta":[],"product_brand":[],"product_cat":[103],"product_tag":[],"class_list":{"0":"post-1146","1":"product","2":"type-product","3":"status-publish","4":"has-post-thumbnail","6":"product_cat-pamati","8":"first","9":"instock","10":"shipping-taxable","11":"purchasable","12":"product-type-variable"},"_links":{"self":[{"href":"https:\/\/zilbermane.r-s.space\/lv\/wp-json\/wp\/v2\/product\/1146","targetHints":{"allow":["GET"]}}],"collection":[{"href":"https:\/\/zilbermane.r-s.space\/lv\/wp-json\/wp\/v2\/product"}],"about":[{"href":"https:\/\/zilbermane.r-s.space\/lv\/wp-json\/wp\/v2\/types\/product"}],"replies":[{"embeddable":true,"href":"https:\/\/zilbermane.r-s.space\/lv\/wp-json\/wp\/v2\/comments?post=1146"}],"wp:featuredmedia":[{"embeddable":true,"href":"https:\/\/zilbermane.r-s.space\/lv\/wp-json\/wp\/v2\/media\/1156"}],"wp:attachment":[{"href":"https:\/\/zilbermane.r-s.space\/lv\/wp-json\/wp\/v2\/media?parent=1146"}],"wp:term":[{"taxonomy":"product_brand","embeddable":true,"href":"https:\/\/zilbermane.r-s.space\/lv\/wp-json\/wp\/v2\/product_brand?post=1146"},{"taxonomy":"product_cat","embeddable":true,"href":"https:\/\/zilbermane.r-s.space\/lv\/wp-json\/wp\/v2\/product_cat?post=1146"},{"taxonomy":"product_tag","embeddable":true,"href":"https:\/\/zilbermane.r-s.space\/lv\/wp-json\/wp\/v2\/product_tag?post=1146"}],"curies":[{"name":"wp","href":"https:\/\/api.w.org\/{rel}","templated":true}]}}