{"id":754,"date":"2025-06-26T11:23:10","date_gmt":"2025-06-26T11:23:10","guid":{"rendered":"https:\/\/zilbermane.r-s.space\/product\/melna-sifona-bluze-bodysuit-melns\/"},"modified":"2025-07-07T08:06:23","modified_gmt":"2025-07-07T08:06:23","slug":"melna-sifona-bluze-bodysuit-melns","status":"publish","type":"product","link":"https:\/\/zilbermane.r-s.space\/lv\/product\/melna-sifona-bluze-bodysuit-melns\/","title":{"rendered":"Melna \u0161ifona bl\u016bze-bod\u012bze kost\u012bms"},"content":{"rendered":"<p>Apburo\u0161a melna bl\u016bze ar augstu apkakli un izsmalcin\u0101t\u0101m piedurkn\u0113m, kas saveltas aproc\u0113s, lai veidotu izsmalcin\u0101tu izskatu. \u0160is daudzpus\u012bgais izstr\u0101d\u0101jums apvieno klasisku eleganci un m\u016bsdien\u012bgu stilu, un tas ir ide\u0101li piem\u0113rots, lai jebkuram t\u0113lam pie\u0161\u0137irtu dramatisku akcentu.<\/p>\n","protected":false},"excerpt":{"rendered":"<p>Apburo\u0161a melna bl\u016bze ar augstu apkakli un izsmalcin\u0101t\u0101m piedurkn\u0113m, kas saveltas aproc\u0113s, lai veidotu izsmalcin\u0101tu izskatu. \u0160is daudzpus\u012bgais izstr\u0101d\u0101jums apvieno klasisku eleganci un m\u016bsdien\u012bgu stilu, un tas ir ide\u0101li piem\u0113rots, lai jebkuram t\u0113lam pie\u0161\u0137irtu dramatisku akcentu.<\/p>\n","protected":false},"featured_media":678,"comment_status":"open","ping_status":"closed","template":"","meta":[],"product_brand":[],"product_cat":[67],"product_tag":[],"class_list":{"0":"post-754","1":"product","2":"type-product","3":"status-publish","4":"has-post-thumbnail","6":"product_cat-classic-lv","8":"first","9":"instock","10":"shipping-taxable","11":"purchasable","12":"product-type-variable"},"_links":{"self":[{"href":"https:\/\/zilbermane.r-s.space\/lv\/wp-json\/wp\/v2\/product\/754","targetHints":{"allow":["GET"]}}],"collection":[{"href":"https:\/\/zilbermane.r-s.space\/lv\/wp-json\/wp\/v2\/product"}],"about":[{"href":"https:\/\/zilbermane.r-s.space\/lv\/wp-json\/wp\/v2\/types\/product"}],"replies":[{"embeddable":true,"href":"https:\/\/zilbermane.r-s.space\/lv\/wp-json\/wp\/v2\/comments?post=754"}],"wp:featuredmedia":[{"embeddable":true,"href":"https:\/\/zilbermane.r-s.space\/lv\/wp-json\/wp\/v2\/media\/678"}],"wp:attachment":[{"href":"https:\/\/zilbermane.r-s.space\/lv\/wp-json\/wp\/v2\/media?parent=754"}],"wp:term":[{"taxonomy":"product_brand","embeddable":true,"href":"https:\/\/zilbermane.r-s.space\/lv\/wp-json\/wp\/v2\/product_brand?post=754"},{"taxonomy":"product_cat","embeddable":true,"href":"https:\/\/zilbermane.r-s.space\/lv\/wp-json\/wp\/v2\/product_cat?post=754"},{"taxonomy":"product_tag","embeddable":true,"href":"https:\/\/zilbermane.r-s.space\/lv\/wp-json\/wp\/v2\/product_tag?post=754"}],"curies":[{"name":"wp","href":"https:\/\/api.w.org\/{rel}","templated":true}]}}