{"id":760,"date":"2025-06-26T11:03:37","date_gmt":"2025-06-26T11:03:37","guid":{"rendered":"https:\/\/zilbermane.r-s.space\/product\/satina-iguana-bluze\/"},"modified":"2025-06-26T11:03:37","modified_gmt":"2025-06-26T11:03:37","slug":"satina-iguana-bluze","status":"publish","type":"product","link":"https:\/\/zilbermane.r-s.space\/lv\/product\/satina-iguana-bluze\/","title":{"rendered":"Sat\u012bna Iguana bl\u016bze"},"content":{"rendered":"<p>Atkl\u0101jiet unik\u0101lu izsmalcin\u0101t\u012bbu ar \u0161o igu\u0101nas kr\u0101sas sat\u012bna bl\u016bzi. T\u0101 var lepoties ar uzman\u012bbu piesaisto\u0161u drap\u0113jumu, kas klasiskajam siluetam pie\u0161\u0137ir modernu stilu. Sp\u012bd\u012bgais audums izce\u013c t\u0101s bag\u0101t\u012bgo, zemes toni.  <\/p>\n","protected":false},"excerpt":{"rendered":"<p>Atkl\u0101jiet unik\u0101lu izsmalcin\u0101t\u012bbu ar \u0161o igu\u0101nas kr\u0101sas sat\u012bna bl\u016bzi. T\u0101 var lepoties ar uzman\u012bbu piesaisto\u0161u drap\u0113jumu, kas klasiskajam siluetam pie\u0161\u0137ir modernu stilu. Sp\u012bd\u012bgais audums izce\u013c t\u0101s bag\u0101t\u012bgo, zemes toni.<\/p>\n","protected":false},"featured_media":651,"comment_status":"open","ping_status":"closed","template":"","meta":[],"product_brand":[],"product_cat":[67],"product_tag":[],"class_list":{"0":"post-760","1":"product","2":"type-product","3":"status-publish","4":"has-post-thumbnail","6":"product_cat-classic-lv","8":"first","9":"instock","10":"shipping-taxable","11":"purchasable","12":"product-type-variable"},"_links":{"self":[{"href":"https:\/\/zilbermane.r-s.space\/lv\/wp-json\/wp\/v2\/product\/760","targetHints":{"allow":["GET"]}}],"collection":[{"href":"https:\/\/zilbermane.r-s.space\/lv\/wp-json\/wp\/v2\/product"}],"about":[{"href":"https:\/\/zilbermane.r-s.space\/lv\/wp-json\/wp\/v2\/types\/product"}],"replies":[{"embeddable":true,"href":"https:\/\/zilbermane.r-s.space\/lv\/wp-json\/wp\/v2\/comments?post=760"}],"wp:featuredmedia":[{"embeddable":true,"href":"https:\/\/zilbermane.r-s.space\/lv\/wp-json\/wp\/v2\/media\/651"}],"wp:attachment":[{"href":"https:\/\/zilbermane.r-s.space\/lv\/wp-json\/wp\/v2\/media?parent=760"}],"wp:term":[{"taxonomy":"product_brand","embeddable":true,"href":"https:\/\/zilbermane.r-s.space\/lv\/wp-json\/wp\/v2\/product_brand?post=760"},{"taxonomy":"product_cat","embeddable":true,"href":"https:\/\/zilbermane.r-s.space\/lv\/wp-json\/wp\/v2\/product_cat?post=760"},{"taxonomy":"product_tag","embeddable":true,"href":"https:\/\/zilbermane.r-s.space\/lv\/wp-json\/wp\/v2\/product_tag?post=760"}],"curies":[{"name":"wp","href":"https:\/\/api.w.org\/{rel}","templated":true}]}}