{"id":762,"date":"2025-06-26T10:56:37","date_gmt":"2025-06-26T10:56:37","guid":{"rendered":"https:\/\/zilbermane.r-s.space\/product\/tumsa-sokolades-bluze\/"},"modified":"2025-06-26T10:56:37","modified_gmt":"2025-06-26T10:56:37","slug":"tumsa-sokolades-bluze","status":"publish","type":"product","link":"https:\/\/zilbermane.r-s.space\/lv\/product\/tumsa-sokolades-bluze\/","title":{"rendered":"Tum\u0161\u0101 \u0161okol\u0101des bl\u016bze"},"content":{"rendered":"<p>\u013baujieties \u0161\u012bs tum\u0161\u0101s \u0161okol\u0101des kr\u0101sas sat\u012bna bl\u016bzes bag\u0101t\u012bgajai elegancei. Tai ir univers\u0101ls \u0161alles izgriezums un garas, aprocesveida piedurknes, kas rada izsmalcin\u0101tu un nosl\u012bp\u0113tu izskatu. Dzi\u013cais, siltais tonis pie\u0161\u0137ir izsmalcin\u0101tu piesk\u0101rienu jebkuram t\u0113rpam.  <\/p>\n","protected":false},"excerpt":{"rendered":"<p>\u013baujieties \u0161\u012bs tum\u0161\u0101s \u0161okol\u0101des kr\u0101sas sat\u012bna bl\u016bzes bag\u0101t\u012bgajai elegancei. Tai ir univers\u0101ls \u0161alles izgriezums un garas, aprocesveida piedurknes, kas rada izsmalcin\u0101tu un nosl\u012bp\u0113tu izskatu. Dzi\u013cais, siltais tonis pie\u0161\u0137ir izsmalcin\u0101tu piesk\u0101rienu jebkuram t\u0113rpam.<\/p>\n","protected":false},"featured_media":639,"comment_status":"open","ping_status":"closed","template":"","meta":[],"product_brand":[],"product_cat":[67],"product_tag":[],"class_list":{"0":"post-762","1":"product","2":"type-product","3":"status-publish","4":"has-post-thumbnail","6":"product_cat-classic-lv","8":"first","9":"instock","10":"shipping-taxable","11":"purchasable","12":"product-type-variable"},"_links":{"self":[{"href":"https:\/\/zilbermane.r-s.space\/lv\/wp-json\/wp\/v2\/product\/762","targetHints":{"allow":["GET"]}}],"collection":[{"href":"https:\/\/zilbermane.r-s.space\/lv\/wp-json\/wp\/v2\/product"}],"about":[{"href":"https:\/\/zilbermane.r-s.space\/lv\/wp-json\/wp\/v2\/types\/product"}],"replies":[{"embeddable":true,"href":"https:\/\/zilbermane.r-s.space\/lv\/wp-json\/wp\/v2\/comments?post=762"}],"wp:featuredmedia":[{"embeddable":true,"href":"https:\/\/zilbermane.r-s.space\/lv\/wp-json\/wp\/v2\/media\/639"}],"wp:attachment":[{"href":"https:\/\/zilbermane.r-s.space\/lv\/wp-json\/wp\/v2\/media?parent=762"}],"wp:term":[{"taxonomy":"product_brand","embeddable":true,"href":"https:\/\/zilbermane.r-s.space\/lv\/wp-json\/wp\/v2\/product_brand?post=762"},{"taxonomy":"product_cat","embeddable":true,"href":"https:\/\/zilbermane.r-s.space\/lv\/wp-json\/wp\/v2\/product_cat?post=762"},{"taxonomy":"product_tag","embeddable":true,"href":"https:\/\/zilbermane.r-s.space\/lv\/wp-json\/wp\/v2\/product_tag?post=762"}],"curies":[{"name":"wp","href":"https:\/\/api.w.org\/{rel}","templated":true}]}}