{"id":763,"date":"2025-02-07T11:02:48","date_gmt":"2025-02-07T11:02:48","guid":{"rendered":"https:\/\/zilbermane.r-s.space\/product\/sarkans-kostims-ar-ikat-rakstu\/"},"modified":"2025-02-07T11:02:48","modified_gmt":"2025-02-07T11:02:48","slug":"sarkans-kostims-ar-ikat-rakstu","status":"publish","type":"product","link":"https:\/\/zilbermane.r-s.space\/lv\/product\/sarkans-kostims-ar-ikat-rakstu\/","title":{"rendered":"Sarkans kost\u012bms ar ikat rakstu"},"content":{"rendered":"<p>\u017dakete no augstas kvalit\u0101tes vilnas mais\u012bjuma dzijas. Ar atloka apkakles apkakli, gar\u0101m piedurkn\u0113m ar ekskluz\u012bvu ikat rakstu un plecu spilventi\u0146iem. Priek\u0161pus\u0113 aizdare ar lielu pogu.  <\/p>\n<p>Bikses no vilnas mais\u012bjuma dzijas. Augsts viduklis un josta ar jostas cilp\u0101m. S\u0101nu kabatas.  <\/p>\n<p>Kontrast\u0113jo\u0161a iek\u0161\u0113j\u0101 jostas da\u013ca ar aug\u0161\u0113jo d\u016brienu.<\/p>\n<p>Aizdare priek\u0161pus\u0113 ar r\u0101v\u0113jsl\u0113dz\u0113ju, iek\u0161\u0113jo pogu un met\u0101la \u0101\u0137veida aizdari.<\/p>\n<p>Sarkanais uzvalks simboliz\u0113 dzi\u013c\u0101kuperson\u012bbas noz\u012bme, kas saist\u012bta ar intens\u012bv\u0101m kaisl\u012bbu saj\u016bt\u0101m un vienlaikus uzsver lieti\u0161\u0137o stilu.<\/p>\n<ul>\n<li>Korpuss: Materi\u0101ls: vilna 80%, z\u012bds 15%, elast\u0101ns 2%.<\/li>\n<li>Izkl\u0101jums: Materi\u0101ls: viskoze 80%, nailons 20%.<\/li>\n<\/ul>\n","protected":false},"excerpt":{"rendered":"<p>\u017dakete no augstas kvalit\u0101tes vilnas mais\u012bjuma dzijas. Ar atloka apkakles apkakli, gar\u0101m piedurkn\u0113m ar ekskluz\u012bvu ikat rakstu un plecu spilventi\u0146iem. Priek\u0161pus\u0113 aizdare ar lielu pogu. Bikses no vilnas mais\u012bjuma dzijas. Augsts viduklis un josta ar jostas cilp\u0101m. S\u0101nu kabatas. Kontrast\u0113jo\u0161a iek\u0161\u0113j\u0101 jostas da\u013ca ar aug\u0161\u0113jo d\u016brienu. Aizdare priek\u0161pus\u0113 ar r\u0101v\u0113jsl\u0113dz\u0113ju, iek\u0161\u0113jo pogu un met\u0101la \u0101\u0137veida [&hellip;]<\/p>\n","protected":false},"featured_media":352,"comment_status":"open","ping_status":"closed","template":"","meta":[],"product_brand":[],"product_cat":[67],"product_tag":[],"class_list":{"0":"post-763","1":"product","2":"type-product","3":"status-publish","4":"has-post-thumbnail","6":"product_cat-classic-lv","8":"first","9":"instock","10":"shipping-taxable","11":"purchasable","12":"product-type-variable"},"_links":{"self":[{"href":"https:\/\/zilbermane.r-s.space\/lv\/wp-json\/wp\/v2\/product\/763","targetHints":{"allow":["GET"]}}],"collection":[{"href":"https:\/\/zilbermane.r-s.space\/lv\/wp-json\/wp\/v2\/product"}],"about":[{"href":"https:\/\/zilbermane.r-s.space\/lv\/wp-json\/wp\/v2\/types\/product"}],"replies":[{"embeddable":true,"href":"https:\/\/zilbermane.r-s.space\/lv\/wp-json\/wp\/v2\/comments?post=763"}],"wp:featuredmedia":[{"embeddable":true,"href":"https:\/\/zilbermane.r-s.space\/lv\/wp-json\/wp\/v2\/media\/352"}],"wp:attachment":[{"href":"https:\/\/zilbermane.r-s.space\/lv\/wp-json\/wp\/v2\/media?parent=763"}],"wp:term":[{"taxonomy":"product_brand","embeddable":true,"href":"https:\/\/zilbermane.r-s.space\/lv\/wp-json\/wp\/v2\/product_brand?post=763"},{"taxonomy":"product_cat","embeddable":true,"href":"https:\/\/zilbermane.r-s.space\/lv\/wp-json\/wp\/v2\/product_cat?post=763"},{"taxonomy":"product_tag","embeddable":true,"href":"https:\/\/zilbermane.r-s.space\/lv\/wp-json\/wp\/v2\/product_tag?post=763"}],"curies":[{"name":"wp","href":"https:\/\/api.w.org\/{rel}","templated":true}]}}