{"id":766,"date":"2025-06-26T10:51:09","date_gmt":"2025-06-26T10:51:09","guid":{"rendered":"https:\/\/zilbermane.r-s.space\/product\/burgundijas-bluze\/"},"modified":"2025-06-26T10:51:09","modified_gmt":"2025-06-26T10:51:09","slug":"burgundijas-bluze","status":"publish","type":"product","link":"https:\/\/zilbermane.r-s.space\/lv\/product\/burgundijas-bluze\/","title":{"rendered":"Burgundijas bl\u016bze"},"content":{"rendered":"<p>\u0160\u012b satrieco\u0161\u0101 bl\u016bze bag\u0101t\u012bg\u0101 bordo nokr\u0101s\u0101 ir m\u016b\u017e\u012bga izv\u0113le jebkuram gad\u012bjumam.<\/p>\n<p>Vieglais \u0161ifons skaisti drap\u0113jas, pie\u0161\u0137irot j\u016bsu t\u0113lam izsmalcin\u0101t\u012bbu bez piep\u016bles. Bag\u0101t\u012bgais bordo nokr\u0101sas tonis tam pie\u0161\u0137ir dzi\u013cumu un izsmalcin\u0101t\u012bbu, padarot to par ide\u0101li piem\u0113rotu gan dienas, gan vakara t\u0113rpam.<\/p>\n","protected":false},"excerpt":{"rendered":"<p>\u0160\u012b satrieco\u0161\u0101 bl\u016bze bag\u0101t\u012bg\u0101 bordo nokr\u0101s\u0101 ir m\u016b\u017e\u012bga izv\u0113le jebkuram gad\u012bjumam. Vieglais \u0161ifons skaisti drap\u0113jas, pie\u0161\u0137irot j\u016bsu t\u0113lam izsmalcin\u0101t\u012bbu bez piep\u016bles. Bag\u0101t\u012bgais bordo nokr\u0101sas tonis tam pie\u0161\u0137ir dzi\u013cumu un izsmalcin\u0101t\u012bbu, padarot to par ide\u0101li piem\u0113rotu gan dienas, gan vakara t\u0113rpam.<\/p>\n","protected":false},"featured_media":627,"comment_status":"open","ping_status":"closed","template":"","meta":[],"product_brand":[],"product_cat":[67],"product_tag":[],"class_list":{"0":"post-766","1":"product","2":"type-product","3":"status-publish","4":"has-post-thumbnail","6":"product_cat-classic-lv","8":"first","9":"instock","10":"shipping-taxable","11":"purchasable","12":"product-type-variable"},"_links":{"self":[{"href":"https:\/\/zilbermane.r-s.space\/lv\/wp-json\/wp\/v2\/product\/766","targetHints":{"allow":["GET"]}}],"collection":[{"href":"https:\/\/zilbermane.r-s.space\/lv\/wp-json\/wp\/v2\/product"}],"about":[{"href":"https:\/\/zilbermane.r-s.space\/lv\/wp-json\/wp\/v2\/types\/product"}],"replies":[{"embeddable":true,"href":"https:\/\/zilbermane.r-s.space\/lv\/wp-json\/wp\/v2\/comments?post=766"}],"wp:featuredmedia":[{"embeddable":true,"href":"https:\/\/zilbermane.r-s.space\/lv\/wp-json\/wp\/v2\/media\/627"}],"wp:attachment":[{"href":"https:\/\/zilbermane.r-s.space\/lv\/wp-json\/wp\/v2\/media?parent=766"}],"wp:term":[{"taxonomy":"product_brand","embeddable":true,"href":"https:\/\/zilbermane.r-s.space\/lv\/wp-json\/wp\/v2\/product_brand?post=766"},{"taxonomy":"product_cat","embeddable":true,"href":"https:\/\/zilbermane.r-s.space\/lv\/wp-json\/wp\/v2\/product_cat?post=766"},{"taxonomy":"product_tag","embeddable":true,"href":"https:\/\/zilbermane.r-s.space\/lv\/wp-json\/wp\/v2\/product_tag?post=766"}],"curies":[{"name":"wp","href":"https:\/\/api.w.org\/{rel}","templated":true}]}}