{"id":769,"date":"2025-06-26T10:44:06","date_gmt":"2025-06-26T10:44:06","guid":{"rendered":"https:\/\/zilbermane.r-s.space\/product\/maiga-zelta-bluze\/"},"modified":"2025-06-26T10:44:06","modified_gmt":"2025-06-26T10:44:06","slug":"maiga-zelta-bluze","status":"publish","type":"product","link":"https:\/\/zilbermane.r-s.space\/lv\/product\/maiga-zelta-bluze\/","title":{"rendered":"Maig\u0101 zelta bl\u016bze"},"content":{"rendered":"<p>Uzlabojiet savu stilu ar \u0161o grezno \u0161ifona bl\u016bzi, kurai ir \u0161allei l\u012bdz\u012bgs kakla izgriezums, ko var sasiet da\u017e\u0101dos veidos. T\u0101s gar\u0101s, graciozi aproces piedurkn\u0113m un sp\u012bd\u012bg\u0101 apdare pie\u0161\u0137ir \u0161armu, kas ir ide\u0101li piem\u0113rots izsmalcin\u0101tiem t\u0113rpiem. <\/p>\n","protected":false},"excerpt":{"rendered":"<p>Uzlabojiet savu stilu ar \u0161o grezno \u0161ifona bl\u016bzi, kurai ir \u0161allei l\u012bdz\u012bgs kakla izgriezums, ko var sasiet da\u017e\u0101dos veidos. T\u0101s gar\u0101s, graciozi aproces piedurkn\u0113m un sp\u012bd\u012bg\u0101 apdare pie\u0161\u0137ir \u0161armu, kas ir ide\u0101li piem\u0113rots izsmalcin\u0101tiem t\u0113rpiem.<\/p>\n","protected":false},"featured_media":615,"comment_status":"open","ping_status":"closed","template":"","meta":[],"product_brand":[],"product_cat":[67],"product_tag":[],"class_list":{"0":"post-769","1":"product","2":"type-product","3":"status-publish","4":"has-post-thumbnail","6":"product_cat-classic-lv","8":"first","9":"instock","10":"shipping-taxable","11":"purchasable","12":"product-type-variable"},"_links":{"self":[{"href":"https:\/\/zilbermane.r-s.space\/lv\/wp-json\/wp\/v2\/product\/769","targetHints":{"allow":["GET"]}}],"collection":[{"href":"https:\/\/zilbermane.r-s.space\/lv\/wp-json\/wp\/v2\/product"}],"about":[{"href":"https:\/\/zilbermane.r-s.space\/lv\/wp-json\/wp\/v2\/types\/product"}],"replies":[{"embeddable":true,"href":"https:\/\/zilbermane.r-s.space\/lv\/wp-json\/wp\/v2\/comments?post=769"}],"wp:featuredmedia":[{"embeddable":true,"href":"https:\/\/zilbermane.r-s.space\/lv\/wp-json\/wp\/v2\/media\/615"}],"wp:attachment":[{"href":"https:\/\/zilbermane.r-s.space\/lv\/wp-json\/wp\/v2\/media?parent=769"}],"wp:term":[{"taxonomy":"product_brand","embeddable":true,"href":"https:\/\/zilbermane.r-s.space\/lv\/wp-json\/wp\/v2\/product_brand?post=769"},{"taxonomy":"product_cat","embeddable":true,"href":"https:\/\/zilbermane.r-s.space\/lv\/wp-json\/wp\/v2\/product_cat?post=769"},{"taxonomy":"product_tag","embeddable":true,"href":"https:\/\/zilbermane.r-s.space\/lv\/wp-json\/wp\/v2\/product_tag?post=769"}],"curies":[{"name":"wp","href":"https:\/\/api.w.org\/{rel}","templated":true}]}}