{"id":773,"date":"2025-02-07T11:02:49","date_gmt":"2025-02-07T11:02:49","guid":{"rendered":"https:\/\/zilbermane.r-s.space\/product\/tumsas-sokolades-kostims\/"},"modified":"2025-07-07T08:05:54","modified_gmt":"2025-07-07T08:05:54","slug":"tumsas-sokolades-kostims","status":"publish","type":"product","link":"https:\/\/zilbermane.r-s.space\/lv\/product\/tumsas-sokolades-kostims\/","title":{"rendered":"Tum\u0161ais \u0161okol\u0101des kost\u012bms"},"content":{"rendered":"<p>\u017dakete no augstas kvalit\u0101tes vilnas mais\u012bjuma dzijas. Ar atloka apkakles apkakli, gar\u0101m piedurkn\u0113m, gar\u0101m plecu mal\u0101m un dubult\u0101m kabat\u0101m priek\u0161pus\u0113, un priek\u0161pus\u0113 aizdares pogas. <\/p>\n<p>Bikses no vilnas mais\u012bjuma dzijas. Augsts viduklis ar izliekumiem priek\u0161pus\u0113 un priek\u0161\u0113j\u0101m kabat\u0101m. Platas k\u0101jas. Priek\u0161pus\u0113 r\u0101v\u0113jsl\u0113dz\u0113js, iek\u0161pus\u0113 poga un \u0101\u0137\u012b\u0161a aizdare.  <\/p>\n<p>\u0160is struktur\u0113tais, bet vienlaikus \u0113rtais uzvalks izstaro p\u0101rliec\u012bbu un izsmalcin\u0101t\u012bbu &#8211; ide\u0101li piem\u0113rots dar\u012bjumiem un \u012bpa\u0161iem gad\u012bjumiem.<\/p>\n<ul>\n<li>Korpuss: Materi\u0101ls: vilna 80%, z\u012bds 15%, elast\u0101ns 2%.<\/li>\n<li>Izkl\u0101jums: Materi\u0101ls: viskoze 80%, nailons 20%.<\/li>\n<\/ul>\n","protected":false},"excerpt":{"rendered":"<p>\u017dakete no augstas kvalit\u0101tes vilnas mais\u012bjuma dzijas. Ar atloka apkakles apkakli, gar\u0101m piedurkn\u0113m, gar\u0101m plecu mal\u0101m un dubult\u0101m kabat\u0101m priek\u0161pus\u0113, un priek\u0161pus\u0113 aizdares pogas. Bikses no vilnas mais\u012bjuma dzijas. Augsts viduklis ar izliekumiem priek\u0161pus\u0113 un priek\u0161\u0113j\u0101m kabat\u0101m. Platas k\u0101jas. Priek\u0161pus\u0113 r\u0101v\u0113jsl\u0113dz\u0113js, iek\u0161pus\u0113 poga un \u0101\u0137\u012b\u0161a aizdare. \u0160is struktur\u0113tais, bet vienlaikus \u0113rtais uzvalks izstaro p\u0101rliec\u012bbu un [&hellip;]<\/p>\n","protected":false},"featured_media":363,"comment_status":"open","ping_status":"closed","template":"","meta":[],"product_brand":[],"product_cat":[67],"product_tag":[],"class_list":{"0":"post-773","1":"product","2":"type-product","3":"status-publish","4":"has-post-thumbnail","6":"product_cat-classic-lv","8":"first","9":"instock","10":"shipping-taxable","11":"purchasable","12":"product-type-variable"},"_links":{"self":[{"href":"https:\/\/zilbermane.r-s.space\/lv\/wp-json\/wp\/v2\/product\/773","targetHints":{"allow":["GET"]}}],"collection":[{"href":"https:\/\/zilbermane.r-s.space\/lv\/wp-json\/wp\/v2\/product"}],"about":[{"href":"https:\/\/zilbermane.r-s.space\/lv\/wp-json\/wp\/v2\/types\/product"}],"replies":[{"embeddable":true,"href":"https:\/\/zilbermane.r-s.space\/lv\/wp-json\/wp\/v2\/comments?post=773"}],"wp:featuredmedia":[{"embeddable":true,"href":"https:\/\/zilbermane.r-s.space\/lv\/wp-json\/wp\/v2\/media\/363"}],"wp:attachment":[{"href":"https:\/\/zilbermane.r-s.space\/lv\/wp-json\/wp\/v2\/media?parent=773"}],"wp:term":[{"taxonomy":"product_brand","embeddable":true,"href":"https:\/\/zilbermane.r-s.space\/lv\/wp-json\/wp\/v2\/product_brand?post=773"},{"taxonomy":"product_cat","embeddable":true,"href":"https:\/\/zilbermane.r-s.space\/lv\/wp-json\/wp\/v2\/product_cat?post=773"},{"taxonomy":"product_tag","embeddable":true,"href":"https:\/\/zilbermane.r-s.space\/lv\/wp-json\/wp\/v2\/product_tag?post=773"}],"curies":[{"name":"wp","href":"https:\/\/api.w.org\/{rel}","templated":true}]}}