{"id":781,"date":"2025-06-26T11:10:40","date_gmt":"2025-06-26T11:10:40","guid":{"rendered":"https:\/\/zilbermane.r-s.space\/product\/speciga-violeta-bluze\/"},"modified":"2025-06-26T11:10:40","modified_gmt":"2025-06-26T11:10:40","slug":"speciga-violeta-bluze","status":"publish","type":"product","link":"https:\/\/zilbermane.r-s.space\/lv\/product\/speciga-violeta-bluze\/","title":{"rendered":"Sp\u0113c\u012bga violeta bl\u016bze"},"content":{"rendered":"<p>Apvelt\u012bsi graciozu eleganci ar \u0161o caursp\u012bd\u012bgo violeto bl\u016bzi. T\u0101s gar\u0101s, caursp\u012bd\u012bg\u0101s piedurknes papildina pagarin\u0101ta \u0161alles kakla deta\u013ca, ko var kombin\u0113t da\u017e\u0101dos veidos, pied\u0101v\u0101jot izsmalcin\u0101tu un daudzpus\u012bgu ap\u0123\u0113rbu. <\/p>\n","protected":false},"excerpt":{"rendered":"<p>Apvelt\u012bsi graciozu eleganci ar \u0161o caursp\u012bd\u012bgo violeto bl\u016bzi. T\u0101s gar\u0101s, caursp\u012bd\u012bg\u0101s piedurknes papildina pagarin\u0101ta \u0161alles kakla deta\u013ca, ko var kombin\u0113t da\u017e\u0101dos veidos, pied\u0101v\u0101jot izsmalcin\u0101tu un daudzpus\u012bgu ap\u0123\u0113rbu.<\/p>\n","protected":false},"featured_media":666,"comment_status":"open","ping_status":"closed","template":"","meta":[],"product_brand":[],"product_cat":[67],"product_tag":[],"class_list":{"0":"post-781","1":"product","2":"type-product","3":"status-publish","4":"has-post-thumbnail","6":"product_cat-classic-lv","8":"first","9":"instock","10":"shipping-taxable","11":"purchasable","12":"product-type-variable"},"_links":{"self":[{"href":"https:\/\/zilbermane.r-s.space\/lv\/wp-json\/wp\/v2\/product\/781","targetHints":{"allow":["GET"]}}],"collection":[{"href":"https:\/\/zilbermane.r-s.space\/lv\/wp-json\/wp\/v2\/product"}],"about":[{"href":"https:\/\/zilbermane.r-s.space\/lv\/wp-json\/wp\/v2\/types\/product"}],"replies":[{"embeddable":true,"href":"https:\/\/zilbermane.r-s.space\/lv\/wp-json\/wp\/v2\/comments?post=781"}],"wp:featuredmedia":[{"embeddable":true,"href":"https:\/\/zilbermane.r-s.space\/lv\/wp-json\/wp\/v2\/media\/666"}],"wp:attachment":[{"href":"https:\/\/zilbermane.r-s.space\/lv\/wp-json\/wp\/v2\/media?parent=781"}],"wp:term":[{"taxonomy":"product_brand","embeddable":true,"href":"https:\/\/zilbermane.r-s.space\/lv\/wp-json\/wp\/v2\/product_brand?post=781"},{"taxonomy":"product_cat","embeddable":true,"href":"https:\/\/zilbermane.r-s.space\/lv\/wp-json\/wp\/v2\/product_cat?post=781"},{"taxonomy":"product_tag","embeddable":true,"href":"https:\/\/zilbermane.r-s.space\/lv\/wp-json\/wp\/v2\/product_tag?post=781"}],"curies":[{"name":"wp","href":"https:\/\/api.w.org\/{rel}","templated":true}]}}