{"id":782,"date":"2025-06-26T07:21:06","date_gmt":"2025-06-26T07:21:06","guid":{"rendered":"https:\/\/zilbermane.r-s.space\/product\/balta-zefira-bluze\/"},"modified":"2025-06-30T13:04:29","modified_gmt":"2025-06-30T13:04:29","slug":"balta-zefira-bluze","status":"publish","type":"product","link":"https:\/\/zilbermane.r-s.space\/lv\/product\/balta-zefira-bluze\/","title":{"rendered":"Balta zef\u012bra bl\u016bze"},"content":{"rendered":"<p>\u0160ai elegantajai caursp\u012bd\u012bgajai bl\u016bzei ir izsmalcin\u0101ts dizains ar augstu kakla izgriezumu un garas, apjom\u012bgas piedurknes ar pog\u0101m aizdares aproc\u0113m. T\u0101s pl\u016bsto\u0161ais siluets un smalkais caursp\u012bd\u012bgums nodro\u0161ina elegantu, \u0113terisku izskatu, kas ir ide\u0101li piem\u0113rots sl\u0101\u0146o\u0161anai vai atsevi\u0161\u0137ai izteiksm\u012bgai lieto\u0161anai.<\/p>\n<p>&nbsp;<\/p>\n","protected":false},"excerpt":{"rendered":"<p>\u0160ai elegantajai caursp\u012bd\u012bgajai bl\u016bzei ir izsmalcin\u0101ts dizains ar augstu kakla izgriezumu un garas, apjom\u012bgas piedurknes ar pog\u0101m aizdares aproc\u0113m. T\u0101s pl\u016bsto\u0161ais siluets un smalkais caursp\u012bd\u012bgums nodro\u0161ina elegantu, \u0113terisku izskatu, kas ir ide\u0101li piem\u0113rots sl\u0101\u0146o\u0161anai vai atsevi\u0161\u0137ai izteiksm\u012bgai lieto\u0161anai. &nbsp;<\/p>\n","protected":false},"featured_media":585,"comment_status":"open","ping_status":"closed","template":"","meta":[],"product_brand":[],"product_cat":[67],"product_tag":[],"class_list":{"0":"post-782","1":"product","2":"type-product","3":"status-publish","4":"has-post-thumbnail","6":"product_cat-classic-lv","8":"first","9":"instock","10":"shipping-taxable","11":"purchasable","12":"product-type-variable"},"_links":{"self":[{"href":"https:\/\/zilbermane.r-s.space\/lv\/wp-json\/wp\/v2\/product\/782","targetHints":{"allow":["GET"]}}],"collection":[{"href":"https:\/\/zilbermane.r-s.space\/lv\/wp-json\/wp\/v2\/product"}],"about":[{"href":"https:\/\/zilbermane.r-s.space\/lv\/wp-json\/wp\/v2\/types\/product"}],"replies":[{"embeddable":true,"href":"https:\/\/zilbermane.r-s.space\/lv\/wp-json\/wp\/v2\/comments?post=782"}],"wp:featuredmedia":[{"embeddable":true,"href":"https:\/\/zilbermane.r-s.space\/lv\/wp-json\/wp\/v2\/media\/585"}],"wp:attachment":[{"href":"https:\/\/zilbermane.r-s.space\/lv\/wp-json\/wp\/v2\/media?parent=782"}],"wp:term":[{"taxonomy":"product_brand","embeddable":true,"href":"https:\/\/zilbermane.r-s.space\/lv\/wp-json\/wp\/v2\/product_brand?post=782"},{"taxonomy":"product_cat","embeddable":true,"href":"https:\/\/zilbermane.r-s.space\/lv\/wp-json\/wp\/v2\/product_cat?post=782"},{"taxonomy":"product_tag","embeddable":true,"href":"https:\/\/zilbermane.r-s.space\/lv\/wp-json\/wp\/v2\/product_tag?post=782"}],"curies":[{"name":"wp","href":"https:\/\/api.w.org\/{rel}","templated":true}]}}