{"id":783,"date":"2025-02-07T11:02:49","date_gmt":"2025-02-07T11:02:49","guid":{"rendered":"https:\/\/zilbermane.r-s.space\/product\/vilnas-maisijuma-kostims\/"},"modified":"2025-07-07T08:06:06","modified_gmt":"2025-07-07T08:06:06","slug":"vilnas-maisijuma-kostims","status":"publish","type":"product","link":"https:\/\/zilbermane.r-s.space\/lv\/product\/vilnas-maisijuma-kostims\/","title":{"rendered":"Vilnas mais\u012bjuma kost\u012bms"},"content":{"rendered":"<p>Oversize \u017eakete no vilnas mais\u012bjuma dzijas, gar\u0101m piedurkn\u0113m ar pog\u0101m aizdares aproc\u0113s, atlok\u0101m\u0101m kabat\u0101m pie gurniem un pog\u0101m aizdares priek\u0161pus\u0113.<\/p>\n<p>Bikses no vilnas mais\u012bjuma dzijas. Augsts viduklis un josta ar jostas cilp\u0101m. S\u0101nu kabatas.<\/p>\n<p>Kontrast\u0113jo\u0161a iek\u0161\u0113j\u0101 jostas da\u013ca ar aug\u0161\u0113jo d\u016brienu.<\/p>\n<p>Aizdare priek\u0161pus\u0113 ar r\u0101v\u0113jsl\u0113dz\u0113ju, iek\u0161\u0113jo pogu un met\u0101la \u0101\u0137veida aizdari.<\/p>\n<p>Atjauniniet savu garderobi ar modern\u0101k\u0101 bordo kr\u0101sas to\u0146a ap\u0123\u0113rbu.<\/p>\n<ul>\n<li>Korpuss: Materi\u0101ls: vilna 98%, elast\u0101ns 2%.<\/li>\n<li>Izkl\u0101jums: Materi\u0101ls: viskoze 80%, nailons 20%.<\/li>\n<\/ul>\n","protected":false},"excerpt":{"rendered":"<p>Oversize \u017eakete no vilnas mais\u012bjuma dzijas, gar\u0101m piedurkn\u0113m ar pog\u0101m aizdares aproc\u0113s, atlok\u0101m\u0101m kabat\u0101m pie gurniem un pog\u0101m aizdares priek\u0161pus\u0113. Bikses no vilnas mais\u012bjuma dzijas. Augsts viduklis un josta ar jostas cilp\u0101m. S\u0101nu kabatas. Kontrast\u0113jo\u0161a iek\u0161\u0113j\u0101 jostas da\u013ca ar aug\u0161\u0113jo d\u016brienu. Aizdare priek\u0161pus\u0113 ar r\u0101v\u0113jsl\u0113dz\u0113ju, iek\u0161\u0113jo pogu un met\u0101la \u0101\u0137veida aizdari. Atjauniniet savu garderobi ar [&hellip;]<\/p>\n","protected":false},"featured_media":560,"comment_status":"open","ping_status":"closed","template":"","meta":[],"product_brand":[],"product_cat":[67],"product_tag":[],"class_list":{"0":"post-783","1":"product","2":"type-product","3":"status-publish","4":"has-post-thumbnail","6":"product_cat-classic-lv","8":"first","9":"instock","10":"shipping-taxable","11":"purchasable","12":"product-type-variable"},"_links":{"self":[{"href":"https:\/\/zilbermane.r-s.space\/lv\/wp-json\/wp\/v2\/product\/783","targetHints":{"allow":["GET"]}}],"collection":[{"href":"https:\/\/zilbermane.r-s.space\/lv\/wp-json\/wp\/v2\/product"}],"about":[{"href":"https:\/\/zilbermane.r-s.space\/lv\/wp-json\/wp\/v2\/types\/product"}],"replies":[{"embeddable":true,"href":"https:\/\/zilbermane.r-s.space\/lv\/wp-json\/wp\/v2\/comments?post=783"}],"wp:featuredmedia":[{"embeddable":true,"href":"https:\/\/zilbermane.r-s.space\/lv\/wp-json\/wp\/v2\/media\/560"}],"wp:attachment":[{"href":"https:\/\/zilbermane.r-s.space\/lv\/wp-json\/wp\/v2\/media?parent=783"}],"wp:term":[{"taxonomy":"product_brand","embeddable":true,"href":"https:\/\/zilbermane.r-s.space\/lv\/wp-json\/wp\/v2\/product_brand?post=783"},{"taxonomy":"product_cat","embeddable":true,"href":"https:\/\/zilbermane.r-s.space\/lv\/wp-json\/wp\/v2\/product_cat?post=783"},{"taxonomy":"product_tag","embeddable":true,"href":"https:\/\/zilbermane.r-s.space\/lv\/wp-json\/wp\/v2\/product_tag?post=783"}],"curies":[{"name":"wp","href":"https:\/\/api.w.org\/{rel}","templated":true}]}}