{"id":903,"date":"2025-07-04T10:56:54","date_gmt":"2025-07-04T10:56:54","guid":{"rendered":"https:\/\/zilbermane.r-s.space\/product\/divdaligs-kokvilnas-kombinezons-un-plisetu-svarku-komplekts\/"},"modified":"2025-07-07T08:07:21","modified_gmt":"2025-07-07T08:07:21","slug":"divdaligs-kokvilnas-kombinezons-un-plisetu-svarku-komplekts","status":"publish","type":"product","link":"https:\/\/zilbermane.r-s.space\/lv\/product\/divdaligs-kokvilnas-kombinezons-un-plisetu-svarku-komplekts\/","title":{"rendered":"Divda\u013c\u012bgs kokvilnas virsjakas un kroku sv\u0101rku komplekts no 2 da\u013c\u0101m"},"content":{"rendered":"<p>Komplekt\u0101 ir virsjakas un bikses no m\u012bksta kokvilnas mais\u012bjuma.<\/p>\n<p>Kombinezons ar apkakli un pog\u0101m priek\u0161pus\u0113. Nolaistiem pleciem un br\u012bv\u0101m piedurkn\u0113m. <\/p>\n<p>Plis\u0113ti sv\u0101rki no m\u012bksta kokvilnas trikot\u0101\u017eas ar elast\u012bgu un regul\u0113jamu vidukli.<\/p>\n","protected":false},"excerpt":{"rendered":"<p>Komplekt\u0101 ir virsjakas un bikses no m\u012bksta kokvilnas mais\u012bjuma. Kombinezons ar apkakli un pog\u0101m priek\u0161pus\u0113. Nolaistiem pleciem un br\u012bv\u0101m piedurkn\u0113m. Plis\u0113ti sv\u0101rki no m\u012bksta kokvilnas trikot\u0101\u017eas ar elast\u012bgu un regul\u0113jamu vidukli.<\/p>\n","protected":false},"featured_media":900,"comment_status":"open","ping_status":"closed","template":"","meta":[],"product_brand":[],"product_cat":[80],"product_tag":[],"class_list":{"0":"post-903","1":"product","2":"type-product","3":"status-publish","4":"has-post-thumbnail","6":"product_cat-bernu","8":"first","9":"instock","10":"shipping-taxable","11":"purchasable","12":"product-type-variable"},"_links":{"self":[{"href":"https:\/\/zilbermane.r-s.space\/lv\/wp-json\/wp\/v2\/product\/903","targetHints":{"allow":["GET"]}}],"collection":[{"href":"https:\/\/zilbermane.r-s.space\/lv\/wp-json\/wp\/v2\/product"}],"about":[{"href":"https:\/\/zilbermane.r-s.space\/lv\/wp-json\/wp\/v2\/types\/product"}],"replies":[{"embeddable":true,"href":"https:\/\/zilbermane.r-s.space\/lv\/wp-json\/wp\/v2\/comments?post=903"}],"wp:featuredmedia":[{"embeddable":true,"href":"https:\/\/zilbermane.r-s.space\/lv\/wp-json\/wp\/v2\/media\/900"}],"wp:attachment":[{"href":"https:\/\/zilbermane.r-s.space\/lv\/wp-json\/wp\/v2\/media?parent=903"}],"wp:term":[{"taxonomy":"product_brand","embeddable":true,"href":"https:\/\/zilbermane.r-s.space\/lv\/wp-json\/wp\/v2\/product_brand?post=903"},{"taxonomy":"product_cat","embeddable":true,"href":"https:\/\/zilbermane.r-s.space\/lv\/wp-json\/wp\/v2\/product_cat?post=903"},{"taxonomy":"product_tag","embeddable":true,"href":"https:\/\/zilbermane.r-s.space\/lv\/wp-json\/wp\/v2\/product_tag?post=903"}],"curies":[{"name":"wp","href":"https:\/\/api.w.org\/{rel}","templated":true}]}}