{"id":931,"date":"2025-07-04T11:05:29","date_gmt":"2025-07-04T11:05:29","guid":{"rendered":"https:\/\/zilbermane.r-s.space\/?post_type=product&#038;p=931"},"modified":"2025-07-07T08:08:25","modified_gmt":"2025-07-07T08:08:25","slug":"divdaligs-kokvilnas-virsjakas-un-biksu-komplekts-copy","status":"publish","type":"product","link":"https:\/\/zilbermane.r-s.space\/lv\/product\/divdaligs-kokvilnas-virsjakas-un-biksu-komplekts-copy\/","title":{"rendered":"Divda\u013c\u012bgs kokvilnas virsjakas un d\u017eogeru komplekts"},"content":{"rendered":"<p>Komplekt\u0101 ir virsjakas un bikses no m\u012bksta kokvilnas mais\u012bjuma.<\/p>\n<p>Kombinezons ar apkakli un pog\u0101m priek\u0161pus\u0113. Nolaisti pleci un br\u012bvas piedurknes.<\/p>\n<p>D\u017eemperi ar elast\u012bgu jostasvietu, s\u0101nu kabat\u0101m un taisn\u0101m k\u0101j\u0101m.<\/p>\n","protected":false},"excerpt":{"rendered":"<p>Komplekt\u0101 ir virsjakas un bikses no m\u012bksta kokvilnas mais\u012bjuma. Kombinezons ar apkakli un pog\u0101m priek\u0161pus\u0113. Nolaisti pleci un br\u012bvas piedurknes. D\u017eemperi ar elast\u012bgu jostasvietu, s\u0101nu kabat\u0101m un taisn\u0101m k\u0101j\u0101m.<\/p>\n","protected":false},"featured_media":936,"comment_status":"open","ping_status":"closed","template":"","meta":[],"product_brand":[],"product_cat":[80],"product_tag":[],"class_list":{"0":"post-931","1":"product","2":"type-product","3":"status-publish","4":"has-post-thumbnail","6":"product_cat-bernu","8":"first","9":"instock","10":"shipping-taxable","11":"purchasable","12":"product-type-variable"},"_links":{"self":[{"href":"https:\/\/zilbermane.r-s.space\/lv\/wp-json\/wp\/v2\/product\/931","targetHints":{"allow":["GET"]}}],"collection":[{"href":"https:\/\/zilbermane.r-s.space\/lv\/wp-json\/wp\/v2\/product"}],"about":[{"href":"https:\/\/zilbermane.r-s.space\/lv\/wp-json\/wp\/v2\/types\/product"}],"replies":[{"embeddable":true,"href":"https:\/\/zilbermane.r-s.space\/lv\/wp-json\/wp\/v2\/comments?post=931"}],"wp:featuredmedia":[{"embeddable":true,"href":"https:\/\/zilbermane.r-s.space\/lv\/wp-json\/wp\/v2\/media\/936"}],"wp:attachment":[{"href":"https:\/\/zilbermane.r-s.space\/lv\/wp-json\/wp\/v2\/media?parent=931"}],"wp:term":[{"taxonomy":"product_brand","embeddable":true,"href":"https:\/\/zilbermane.r-s.space\/lv\/wp-json\/wp\/v2\/product_brand?post=931"},{"taxonomy":"product_cat","embeddable":true,"href":"https:\/\/zilbermane.r-s.space\/lv\/wp-json\/wp\/v2\/product_cat?post=931"},{"taxonomy":"product_tag","embeddable":true,"href":"https:\/\/zilbermane.r-s.space\/lv\/wp-json\/wp\/v2\/product_tag?post=931"}],"curies":[{"name":"wp","href":"https:\/\/api.w.org\/{rel}","templated":true}]}}