{"id":970,"date":"2025-07-04T11:13:14","date_gmt":"2025-07-04T11:13:14","guid":{"rendered":"https:\/\/zilbermane.r-s.space\/?post_type=product&#038;p=970"},"modified":"2025-07-07T08:10:14","modified_gmt":"2025-07-07T08:10:14","slug":"divdaligs-kokvilnas-virsjakas-un-biksu-komplekts-copy-2","status":"publish","type":"product","link":"https:\/\/zilbermane.r-s.space\/lv\/product\/divdaligs-kokvilnas-virsjakas-un-biksu-komplekts-copy-2\/","title":{"rendered":"Divda\u013c\u012bgs kokvilnas virsjakas un bik\u0161u komplekts"},"content":{"rendered":"<p>Komplekt\u0101 ir virsjakas un bikses no m\u012bksta kokvilnas mais\u012bjuma.<\/p>\n<p>Kombinezons ar apkakli un pog\u0101m priek\u0161pus\u0113. Nolaisti pleci un br\u012bvas piedurknes.<\/p>\n<p>Bikses ar va\u013c\u0113ju piegriezumu gurnu un aug\u0161stilbu da\u013c\u0101 un sa\u0161aurin\u0101t\u0101m k\u0101j\u0101m. Elast\u012bga, regul\u0113jama jostasvieta ar viltotu ielaidumu. Diagon\u0101las priek\u0161\u0113j\u0101s kabatas un atv\u0113rtas kabatas uz k\u0101j\u0101m.<\/p>\n","protected":false},"excerpt":{"rendered":"<p>Komplekt\u0101 ir virsjakas un bikses no m\u012bksta kokvilnas mais\u012bjuma. Kombinezons ar apkakli un pog\u0101m priek\u0161pus\u0113. Nolaisti pleci un br\u012bvas piedurknes. Bikses ar va\u013c\u0113ju piegriezumu gurnu un aug\u0161stilbu da\u013c\u0101 un sa\u0161aurin\u0101t\u0101m k\u0101j\u0101m. Elast\u012bga, regul\u0113jama jostasvieta ar viltotu ielaidumu. Diagon\u0101las priek\u0161\u0113j\u0101s kabatas un atv\u0113rtas kabatas uz k\u0101j\u0101m.<\/p>\n","protected":false},"featured_media":975,"comment_status":"open","ping_status":"closed","template":"","meta":[],"product_brand":[],"product_cat":[80],"product_tag":[],"class_list":{"0":"post-970","1":"product","2":"type-product","3":"status-publish","4":"has-post-thumbnail","6":"product_cat-bernu","8":"first","9":"instock","10":"shipping-taxable","11":"purchasable","12":"product-type-variable"},"_links":{"self":[{"href":"https:\/\/zilbermane.r-s.space\/lv\/wp-json\/wp\/v2\/product\/970","targetHints":{"allow":["GET"]}}],"collection":[{"href":"https:\/\/zilbermane.r-s.space\/lv\/wp-json\/wp\/v2\/product"}],"about":[{"href":"https:\/\/zilbermane.r-s.space\/lv\/wp-json\/wp\/v2\/types\/product"}],"replies":[{"embeddable":true,"href":"https:\/\/zilbermane.r-s.space\/lv\/wp-json\/wp\/v2\/comments?post=970"}],"wp:featuredmedia":[{"embeddable":true,"href":"https:\/\/zilbermane.r-s.space\/lv\/wp-json\/wp\/v2\/media\/975"}],"wp:attachment":[{"href":"https:\/\/zilbermane.r-s.space\/lv\/wp-json\/wp\/v2\/media?parent=970"}],"wp:term":[{"taxonomy":"product_brand","embeddable":true,"href":"https:\/\/zilbermane.r-s.space\/lv\/wp-json\/wp\/v2\/product_brand?post=970"},{"taxonomy":"product_cat","embeddable":true,"href":"https:\/\/zilbermane.r-s.space\/lv\/wp-json\/wp\/v2\/product_cat?post=970"},{"taxonomy":"product_tag","embeddable":true,"href":"https:\/\/zilbermane.r-s.space\/lv\/wp-json\/wp\/v2\/product_tag?post=970"}],"curies":[{"name":"wp","href":"https:\/\/api.w.org\/{rel}","templated":true}]}}