{"id":997,"date":"2025-07-07T08:00:03","date_gmt":"2025-07-07T08:00:03","guid":{"rendered":"https:\/\/zilbermane.r-s.space\/?post_type=product&#038;p=997"},"modified":"2025-07-07T08:05:05","modified_gmt":"2025-07-07T08:05:05","slug":"sarkans-kostims-ar-ikat-rakstu-copy","status":"publish","type":"product","link":"https:\/\/zilbermane.r-s.space\/lv\/product\/sarkans-kostims-ar-ikat-rakstu-copy\/","title":{"rendered":"Divda\u013c\u012bgs kokvilnas virsjakas un bik\u0161u komplekts"},"content":{"rendered":"<p>Divda\u013c\u012bgs komplekts ar kombinezonu un biks\u0113m no m\u012bksta kokvilnas mais\u012bjuma auduma.<br \/>\nKomun\u0101lo darbu iedvesmojo\u0161am izskatam kombinezonam ir struktur\u0113ta apkakle, aizdare ar pog\u0101m priek\u0161pus\u0113 un \u010detras kabatas ar iel\u0101pus. Izstr\u0101d\u0101ts ar nolaistiem pleciem un atvieglotu siluetu. <\/p>\n<p>Atbilsto\u0161\u0101s bikses ir \u0113rti piegulo\u0161as gurniem un aug\u0161stilbiem un nedaudz sa\u0161aurin\u0101s uz pot\u012btes. Elast\u012bga josta \u0113rtai valk\u0101\u0161anai, papildin\u0101ta ar ie\u0161\u016bt\u0101m biks\u0113m, diagon\u0101l\u0101m priek\u0161\u0113j\u0101m kabat\u0101m un aizmugur\u0113j\u0101m kabat\u0101m. <\/p>\n","protected":false},"excerpt":{"rendered":"<p>Divda\u013c\u012bgs komplekts ar kombinezonu un biks\u0113m no m\u012bksta kokvilnas mais\u012bjuma auduma. Komun\u0101lo darbu iedvesmojo\u0161am izskatam kombinezonam ir struktur\u0113ta apkakle, aizdare ar pog\u0101m priek\u0161pus\u0113 un \u010detras kabatas ar iel\u0101pus. Izstr\u0101d\u0101ts ar nolaistiem pleciem un atvieglotu siluetu. Atbilsto\u0161\u0101s bikses ir \u0113rti piegulo\u0161as gurniem un aug\u0161stilbiem un nedaudz sa\u0161aurin\u0101s uz pot\u012btes. Elast\u012bga josta \u0113rtai valk\u0101\u0161anai, papildin\u0101ta ar ie\u0161\u016bt\u0101m [&hellip;]<\/p>\n","protected":false},"featured_media":1030,"comment_status":"open","ping_status":"closed","template":"","meta":[],"product_brand":[],"product_cat":[81],"product_tag":[],"class_list":{"0":"post-997","1":"product","2":"type-product","3":"status-publish","4":"has-post-thumbnail","6":"product_cat-viriesu","8":"first","9":"instock","10":"shipping-taxable","11":"purchasable","12":"product-type-variable"},"_links":{"self":[{"href":"https:\/\/zilbermane.r-s.space\/lv\/wp-json\/wp\/v2\/product\/997","targetHints":{"allow":["GET"]}}],"collection":[{"href":"https:\/\/zilbermane.r-s.space\/lv\/wp-json\/wp\/v2\/product"}],"about":[{"href":"https:\/\/zilbermane.r-s.space\/lv\/wp-json\/wp\/v2\/types\/product"}],"replies":[{"embeddable":true,"href":"https:\/\/zilbermane.r-s.space\/lv\/wp-json\/wp\/v2\/comments?post=997"}],"wp:featuredmedia":[{"embeddable":true,"href":"https:\/\/zilbermane.r-s.space\/lv\/wp-json\/wp\/v2\/media\/1030"}],"wp:attachment":[{"href":"https:\/\/zilbermane.r-s.space\/lv\/wp-json\/wp\/v2\/media?parent=997"}],"wp:term":[{"taxonomy":"product_brand","embeddable":true,"href":"https:\/\/zilbermane.r-s.space\/lv\/wp-json\/wp\/v2\/product_brand?post=997"},{"taxonomy":"product_cat","embeddable":true,"href":"https:\/\/zilbermane.r-s.space\/lv\/wp-json\/wp\/v2\/product_cat?post=997"},{"taxonomy":"product_tag","embeddable":true,"href":"https:\/\/zilbermane.r-s.space\/lv\/wp-json\/wp\/v2\/product_tag?post=997"}],"curies":[{"name":"wp","href":"https:\/\/api.w.org\/{rel}","templated":true}]}}